{"id":601,"date":"2015-11-16T23:12:46","date_gmt":"2015-11-16T22:12:46","guid":{"rendered":"http:\/\/mendillorri-mendigoiti.educacion.navarra.es\/web\/?page_id=601"},"modified":"2025-07-04T09:07:29","modified_gmt":"2025-07-04T07:07:29","slug":"mapa","status":"publish","type":"page","link":"https:\/\/mendillorri-mendigoiti.educacion.navarra.es\/web\/mapa\/","title":{"rendered":"Non gaude?"},"content":{"rendered":"<p style=\"text-align: center;\"><a href=\"https:\/\/goo.gl\/maps\/n64nbUdEU2B2\" target=\"_blank\" rel=\"noopener\"><img data-attachment-id=\"602\" data-permalink=\"https:\/\/mendillorri-mendigoiti.educacion.navarra.es\/web\/mapa\/mapa\/\" data-orig-file=\"https:\/\/i0.wp.com\/mendillorri-mendigoiti.educacion.navarra.es\/web\/wp-content\/uploads\/2015\/11\/MAPA.jpg?fit=1126%2C844&amp;ssl=1\" data-orig-size=\"1126,844\" data-comments-opened=\"1\" data-image-meta=\"{&quot;aperture&quot;:&quot;0&quot;,&quot;credit&quot;:&quot;&quot;,&quot;camera&quot;:&quot;&quot;,&quot;caption&quot;:&quot;&quot;,&quot;created_timestamp&quot;:&quot;0&quot;,&quot;copyright&quot;:&quot;&quot;,&quot;focal_length&quot;:&quot;0&quot;,&quot;iso&quot;:&quot;0&quot;,&quot;shutter_speed&quot;:&quot;0&quot;,&quot;title&quot;:&quot;&quot;,&quot;orientation&quot;:&quot;0&quot;}\" data-image-title=\"MAPA\" data-image-description=\"\" data-image-caption=\"\" data-medium-file=\"https:\/\/i0.wp.com\/mendillorri-mendigoiti.educacion.navarra.es\/web\/wp-content\/uploads\/2015\/11\/MAPA.jpg?fit=534%2C400&amp;ssl=1\" data-large-file=\"https:\/\/i0.wp.com\/mendillorri-mendigoiti.educacion.navarra.es\/web\/wp-content\/uploads\/2015\/11\/MAPA.jpg?fit=890%2C668&amp;ssl=1\" loading=\"lazy\" class=\"aligncenter wp-image-602 size-medium\" src=\"https:\/\/i0.wp.com\/mendillorri-mendigoiti.educacion.navarra.es\/web\/wp-content\/uploads\/2015\/11\/MAPA.jpg?resize=534%2C400&#038;ssl=1\" alt=\"MAPA\" width=\"534\" height=\"400\" srcset=\"https:\/\/i0.wp.com\/mendillorri-mendigoiti.educacion.navarra.es\/web\/wp-content\/uploads\/2015\/11\/MAPA.jpg?resize=534%2C400&amp;ssl=1 534w, https:\/\/i0.wp.com\/mendillorri-mendigoiti.educacion.navarra.es\/web\/wp-content\/uploads\/2015\/11\/MAPA.jpg?resize=1024%2C768&amp;ssl=1 1024w, https:\/\/i0.wp.com\/mendillorri-mendigoiti.educacion.navarra.es\/web\/wp-content\/uploads\/2015\/11\/MAPA.jpg?w=1126&amp;ssl=1 1126w\" sizes=\"(max-width: 534px) 100vw, 534px\" data-recalc-dims=\"1\" \/><\/a><strong>Gorraizko kontzejua z.g.<\/strong><\/p>\n<p style=\"text-align: center;\"><strong>31016 Iru\u00f1ea<\/strong><\/p>\n<p style=\"text-align: center;\"><strong>Tfnoa.: 948 633 518<\/strong><\/p>\n<p style=\"text-align: center;\"><a href=\"mailto:cpmendi4@educacion.navarra.es\">mendigoiti@educacion.navarra.es<\/a><\/p>\n","protected":false},"excerpt":{"rendered":"<p>Gorraizko kontzejua z.g. 31016 Iru\u00f1ea Tfnoa.: 948 633 518 mendigoiti@educacion.navarra.es<\/p>\n","protected":false},"author":1,"featured_media":0,"parent":0,"menu_order":0,"comment_status":"closed","ping_status":"closed","template":"","meta":{"jetpack_post_was_ever_published":false},"jetpack_sharing_enabled":true,"jetpack_shortlink":"https:\/\/wp.me\/P87afU-9H","jetpack-related-posts":[{"id":2534,"url":"https:\/\/mendillorri-mendigoiti.educacion.navarra.es\/web\/es\/consejo-escolar-elecciones-2017\/","url_meta":{"origin":601,"position":0},"title":"CONSEJO ESCOLAR:  ELECCIONES 2024","date":"2 de azaroa de 2017","format":false,"excerpt":"08 - MODELO PRESENTACI\u00d3N CANDIDATURAS\u00a0 2024 Durante las pr\u00f3ximas semanas pondremos en marcha el proceso de elecciones para renovar la 2\u00aa mitad del Consejo Escolar de Mendigoiti. A continuaci\u00f3n, presentamos el calendario del proceso: 10 de octubre, realizamos en Secretar\u00eda el sorteo para formar la Junta Electoral, que est\u00e1 integrada\u2026","rel":"","context":"Similar post","img":{"alt_text":"","src":"https:\/\/i0.wp.com\/mendillorri-mendigoiti.educacion.navarra.es\/web\/wp-content\/uploads\/2024\/11\/behin-betikoak.png?resize=350%2C200&ssl=1","width":350,"height":200},"classes":[]},{"id":3124,"url":"https:\/\/mendillorri-mendigoiti.educacion.navarra.es\/web\/es\/organigrama\/","url_meta":{"origin":601,"position":1},"title":"Organigrama","date":"2 de ekaina de 2018","format":false,"excerpt":"","rel":"","context":"Similar post","img":{"alt_text":"","src":"https:\/\/i0.wp.com\/mendillorri-mendigoiti.educacion.navarra.es\/web\/wp-content\/uploads\/2018\/06\/MENDIGOITI-ORGANIGRAMA-2-533x400.jpg?resize=350%2C200","width":350,"height":200},"classes":[]},{"id":205,"url":"https:\/\/mendillorri-mendigoiti.educacion.navarra.es\/web\/irakaslegoa\/","url_meta":{"origin":601,"position":2},"title":"Irakaslegoa","date":"14 de maiatza de 2014","format":false,"excerpt":"","rel":"","context":"Similar post","img":{"alt_text":"","src":"https:\/\/i0.wp.com\/mendillorri-mendigoiti.educacion.navarra.es\/web\/wp-content\/uploads\/2023\/09\/IRAKASLEGOA-2023-2024-1-800x600.jpg?resize=350%2C200&ssl=1","width":350,"height":200},"classes":[]},{"id":657,"url":"https:\/\/mendillorri-mendigoiti.educacion.navarra.es\/web\/argazkiak\/","url_meta":{"origin":601,"position":3},"title":"Argazkiak","date":"17 de azaroa de 2015","format":false,"excerpt":"","rel":"","context":"Similar post","img":{"alt_text":"","src":"https:\/\/i0.wp.com\/mendillorri-mendigoiti.educacion.navarra.es\/web\/wp-content\/uploads\/2019\/09\/IMG_20190506_083055811-2.jpg?resize=350%2C200&ssl=1","width":350,"height":200},"classes":[]},{"id":659,"url":"https:\/\/mendillorri-mendigoiti.educacion.navarra.es\/web\/es\/fotografias\/","url_meta":{"origin":601,"position":4},"title":"Fotograf\u00edas","date":"17 de azaroa de 2015","format":false,"excerpt":"","rel":"","context":"Similar post","img":{"alt_text":"","src":"https:\/\/i0.wp.com\/mendillorri-mendigoiti.educacion.navarra.es\/web\/wp-content\/uploads\/2019\/09\/IMG_20190506_083055811-3.jpg?resize=350%2C200&ssl=1","width":350,"height":200},"classes":[]},{"id":5860,"url":"https:\/\/mendillorri-mendigoiti.educacion.navarra.es\/web\/servicios\/","url_meta":{"origin":601,"position":5},"title":"SERVICIOS","date":"26 de otsaila de 2023","format":false,"excerpt":"","rel":"","context":"Similar post","img":{"alt_text":"","src":"","width":0,"height":0},"classes":[]}],"_links":{"self":[{"href":"https:\/\/mendillorri-mendigoiti.educacion.navarra.es\/web\/wp-json\/wp\/v2\/pages\/601"}],"collection":[{"href":"https:\/\/mendillorri-mendigoiti.educacion.navarra.es\/web\/wp-json\/wp\/v2\/pages"}],"about":[{"href":"https:\/\/mendillorri-mendigoiti.educacion.navarra.es\/web\/wp-json\/wp\/v2\/types\/page"}],"author":[{"embeddable":true,"href":"https:\/\/mendillorri-mendigoiti.educacion.navarra.es\/web\/wp-json\/wp\/v2\/users\/1"}],"replies":[{"embeddable":true,"href":"https:\/\/mendillorri-mendigoiti.educacion.navarra.es\/web\/wp-json\/wp\/v2\/comments?post=601"}],"version-history":[{"count":7,"href":"https:\/\/mendillorri-mendigoiti.educacion.navarra.es\/web\/wp-json\/wp\/v2\/pages\/601\/revisions"}],"predecessor-version":[{"id":7040,"href":"https:\/\/mendillorri-mendigoiti.educacion.navarra.es\/web\/wp-json\/wp\/v2\/pages\/601\/revisions\/7040"}],"wp:attachment":[{"href":"https:\/\/mendillorri-mendigoiti.educacion.navarra.es\/web\/wp-json\/wp\/v2\/media?parent=601"}],"curies":[{"name":"wp","href":"https:\/\/api.w.org\/{rel}","templated":true}]}}