{"id":120,"date":"2014-01-13T11:51:12","date_gmt":"2014-01-13T10:51:12","guid":{"rendered":"http:\/\/mendillorri-mendigoiti.educacion.navarra.es\/web\/?page_id=120"},"modified":"2021-09-25T18:25:59","modified_gmt":"2021-09-25T16:25:59","slug":"harrenana","status":"publish","type":"page","link":"https:\/\/mendillorri-mendigoiti.educacion.navarra.es\/web\/harrenana\/","title":{"rendered":"Harremana"},"content":{"rendered":"\n<figure class=\"wp-block-image size-full is-resized\"><img data-attachment-id=\"5439\" data-permalink=\"https:\/\/mendillorri-mendigoiti.educacion.navarra.es\/web\/harrenana\/helbide-elektronikoak-mendigoiti-2021-2022-gurasoentzat-1\/\" data-orig-file=\"https:\/\/i0.wp.com\/mendillorri-mendigoiti.educacion.navarra.es\/web\/wp-content\/uploads\/2021\/09\/Helbide-elektronikoak-Mendigoiti-2021-2022-Gurasoentzat-1.jpg?fit=612%2C451&amp;ssl=1\" data-orig-size=\"612,451\" data-comments-opened=\"1\" data-image-meta=\"{&quot;aperture&quot;:&quot;0&quot;,&quot;credit&quot;:&quot;castellano&quot;,&quot;camera&quot;:&quot;&quot;,&quot;caption&quot;:&quot;&quot;,&quot;created_timestamp&quot;:&quot;1632398481&quot;,&quot;copyright&quot;:&quot;&quot;,&quot;focal_length&quot;:&quot;0&quot;,&quot;iso&quot;:&quot;0&quot;,&quot;shutter_speed&quot;:&quot;0&quot;,&quot;title&quot;:&quot;&quot;,&quot;orientation&quot;:&quot;0&quot;}\" data-image-title=\"Helbide-elektronikoak-Mendigoiti-2021-2022-Gurasoentzat-1\" data-image-description=\"\" data-image-caption=\"\" data-medium-file=\"https:\/\/i0.wp.com\/mendillorri-mendigoiti.educacion.navarra.es\/web\/wp-content\/uploads\/2021\/09\/Helbide-elektronikoak-Mendigoiti-2021-2022-Gurasoentzat-1.jpg?fit=612%2C451&amp;ssl=1\" data-large-file=\"https:\/\/i0.wp.com\/mendillorri-mendigoiti.educacion.navarra.es\/web\/wp-content\/uploads\/2021\/09\/Helbide-elektronikoak-Mendigoiti-2021-2022-Gurasoentzat-1.jpg?fit=612%2C451&amp;ssl=1\" loading=\"lazy\" src=\"https:\/\/i0.wp.com\/mendillorri-mendigoiti.educacion.navarra.es\/web\/wp-content\/uploads\/2021\/09\/Helbide-elektronikoak-Mendigoiti-2021-2022-Gurasoentzat-1.jpg?resize=890%2C655&#038;ssl=1\" alt=\"\" class=\"wp-image-5439\" width=\"890\" height=\"655\" data-recalc-dims=\"1\" \/><\/figure>\n\n\n<div role=\"form\" class=\"wpcf7\" id=\"wpcf7-f4-o1\" lang=\"es-ES\" dir=\"ltr\">\n<div class=\"screen-reader-response\"><p role=\"status\" aria-live=\"polite\" aria-atomic=\"true\"><\/p> <ul><\/ul><\/div>\n<form action=\"\/web\/wp-json\/wp\/v2\/pages\/120#wpcf7-f4-o1\" method=\"post\" class=\"wpcf7-form init\" novalidate=\"novalidate\" data-status=\"init\">\n<div style=\"display: none;\">\n<input type=\"hidden\" name=\"_wpcf7\" value=\"4\" \/>\n<input type=\"hidden\" name=\"_wpcf7_version\" value=\"5.6.4\" \/>\n<input type=\"hidden\" name=\"_wpcf7_locale\" value=\"es_ES\" \/>\n<input type=\"hidden\" name=\"_wpcf7_unit_tag\" value=\"wpcf7-f4-o1\" \/>\n<input type=\"hidden\" name=\"_wpcf7_container_post\" value=\"0\" \/>\n<input type=\"hidden\" name=\"_wpcf7_posted_data_hash\" value=\"\" \/>\n<\/div>\n<p>Tu nombre (obligatorio)<br \/>\n    <span class=\"wpcf7-form-control-wrap\" data-name=\"your-name\"><input type=\"text\" name=\"your-name\" value=\"\" size=\"40\" class=\"wpcf7-form-control wpcf7-text wpcf7-validates-as-required\" aria-required=\"true\" aria-invalid=\"false\" \/><\/span> <\/p>\n<p>Tu email (obligatorio)<br \/>\n    <span class=\"wpcf7-form-control-wrap\" data-name=\"your-email\"><input type=\"email\" name=\"your-email\" value=\"\" size=\"40\" class=\"wpcf7-form-control wpcf7-text wpcf7-email wpcf7-validates-as-required wpcf7-validates-as-email\" aria-required=\"true\" aria-invalid=\"false\" \/><\/span> <\/p>\n<p>Asunto<br \/>\n    <span class=\"wpcf7-form-control-wrap\" data-name=\"your-subject\"><input type=\"text\" name=\"your-subject\" value=\"\" size=\"40\" class=\"wpcf7-form-control wpcf7-text wpcf7-validates-as-required\" aria-required=\"true\" aria-invalid=\"false\" \/><\/span> <\/p>\n<p>Tu mensaje<br \/>\n    <span class=\"wpcf7-form-control-wrap\" data-name=\"your-message\"><textarea name=\"your-message\" cols=\"40\" rows=\"10\" class=\"wpcf7-form-control wpcf7-textarea wpcf7-validates-as-required\" aria-required=\"true\" aria-invalid=\"false\"><\/textarea><\/span> <\/p>\n<p><input type=\"submit\" value=\"Enviar\" class=\"wpcf7-form-control has-spinner wpcf7-submit\" \/><\/p>\n<p style=\"display: none !important;\" class=\"akismet-fields-container\" data-prefix=\"_wpcf7_ak_\"><label>&#916;<textarea name=\"_wpcf7_ak_hp_textarea\" cols=\"45\" rows=\"8\" maxlength=\"100\"><\/textarea><\/label><input type=\"hidden\" id=\"ak_js_1\" name=\"_wpcf7_ak_js\" value=\"188\"\/><script>document.getElementById( \"ak_js_1\" ).setAttribute( \"value\", ( new Date() ).getTime() );<\/script><\/p><div class=\"wpcf7-response-output\" aria-hidden=\"true\"><\/div><\/form><\/div>","protected":false},"excerpt":{"rendered":"","protected":false},"author":1,"featured_media":0,"parent":0,"menu_order":0,"comment_status":"open","ping_status":"open","template":"","meta":{"jetpack_post_was_ever_published":false},"jetpack_sharing_enabled":true,"jetpack_shortlink":"https:\/\/wp.me\/P87afU-1W","jetpack-related-posts":[{"id":40,"url":"https:\/\/mendillorri-mendigoiti.educacion.navarra.es\/web\/harrenana-contacto\/","url_meta":{"origin":120,"position":0},"title":"Harremana \/ Contacto","date":"9 de urtarrila de 2014","format":false,"excerpt":"","rel":"","context":"Similar post","img":{"alt_text":"","src":"","width":0,"height":0},"classes":[]},{"id":122,"url":"https:\/\/mendillorri-mendigoiti.educacion.navarra.es\/web\/es\/contacto\/","url_meta":{"origin":120,"position":1},"title":"Contacto","date":"13 de urtarrila de 2014","format":false,"excerpt":"","rel":"","context":"With 1 comment","img":{"alt_text":"","src":"https:\/\/i0.wp.com\/mendillorri-mendigoiti.educacion.navarra.es\/web\/wp-content\/uploads\/2021\/09\/Helbide-elektronikoak-Mendigoiti-2021-2022-Gurasoentzat-2.jpg?resize=350%2C200&ssl=1","width":350,"height":200},"classes":[]},{"id":695,"url":"https:\/\/mendillorri-mendigoiti.educacion.navarra.es\/web\/es\/proyecto-linguistico\/","url_meta":{"origin":120,"position":2},"title":"Proyecto ling\u00fc\u00edstico","date":"17 de azaroa de 2015","format":false,"excerpt":"Proyecto ling\u00fc\u00edstico: Formar personas pluriling\u00fces. En Mendigoiti el euskara es el eje del Proyecto Educativo y Ling\u00fc\u00edstico. Queremos formar personas pluriling\u00fces , personas que conocen y utilizan de manera funcional las lenguas. Queremos formar a nuestro alumnado para la sociedad global y pluriling\u00fce en la que vive. El Proyecto Ling\u00fc\u00edstico\u2026","rel":"","context":"With 2 comments","img":{"alt_text":"","src":"https:\/\/i0.wp.com\/mendillorri-mendigoiti.educacion.navarra.es\/web\/wp-content\/uploads\/2020\/12\/IMG_0366-scaled-e1607756553560-400x400.jpeg?resize=350%2C200","width":350,"height":200},"classes":[]},{"id":5874,"url":"https:\/\/mendillorri-mendigoiti.educacion.navarra.es\/web\/es\/aula-de-madrugadores-y-madrugadoras\/","url_meta":{"origin":120,"position":3},"title":"Aula de madrugadores y madrugadoras","date":"26 de otsaila de 2023","format":false,"excerpt":"El aula de madrugadoras es un servicio que ofrece la APYMA para ayudar en la conciliaci\u00f3n escuela y familia. El horario es de lunes a viernes, de 7:45 a 8:50","rel":"","context":"Similar post","img":{"alt_text":"","src":"https:\/\/i0.wp.com\/mendillorri-mendigoiti.educacion.navarra.es\/web\/wp-content\/uploads\/2023\/02\/goiztiarren-gela-1-1-scaled.jpg?resize=350%2C200&ssl=1","width":350,"height":200},"classes":[]},{"id":242,"url":"https:\/\/mendillorri-mendigoiti.educacion.navarra.es\/web\/es\/proyecto-tic\/","url_meta":{"origin":120,"position":4},"title":"Plan digital de centro","date":"28 de maiatza de 2014","format":false,"excerpt":"\u00a0 Hoy nuestra sociedad est\u00e1 a\u00fan m\u00e1s digitalizada. Existen evidencias suficientes de la influencia negativa de la pantalla y su uso excesivo en el rendimiento escolar. Esto est\u00e1 generando una gran preocupaci\u00f3n en la comunidad educativa y un gran debate sobre el uso de las pantallas. \u00a0 Por tanto, los\u2026","rel":"","context":"Similar post","img":{"alt_text":"","src":"https:\/\/i0.wp.com\/mendillorri-mendigoiti.educacion.navarra.es\/web\/wp-content\/uploads\/2023\/09\/Captura-2.png?resize=350%2C200&ssl=1","width":350,"height":200},"classes":[]},{"id":2534,"url":"https:\/\/mendillorri-mendigoiti.educacion.navarra.es\/web\/es\/consejo-escolar-elecciones-2017\/","url_meta":{"origin":120,"position":5},"title":"CONSEJO ESCOLAR:  ELECCIONES 2024","date":"2 de azaroa de 2017","format":false,"excerpt":"08 - MODELO PRESENTACI\u00d3N CANDIDATURAS\u00a0 2024 Durante las pr\u00f3ximas semanas pondremos en marcha el proceso de elecciones para renovar la 2\u00aa mitad del Consejo Escolar de Mendigoiti. A continuaci\u00f3n, presentamos el calendario del proceso: 10 de octubre, realizamos en Secretar\u00eda el sorteo para formar la Junta Electoral, que est\u00e1 integrada\u2026","rel":"","context":"Similar post","img":{"alt_text":"","src":"https:\/\/i0.wp.com\/mendillorri-mendigoiti.educacion.navarra.es\/web\/wp-content\/uploads\/2024\/11\/behin-betikoak.png?resize=350%2C200&ssl=1","width":350,"height":200},"classes":[]}],"_links":{"self":[{"href":"https:\/\/mendillorri-mendigoiti.educacion.navarra.es\/web\/wp-json\/wp\/v2\/pages\/120"}],"collection":[{"href":"https:\/\/mendillorri-mendigoiti.educacion.navarra.es\/web\/wp-json\/wp\/v2\/pages"}],"about":[{"href":"https:\/\/mendillorri-mendigoiti.educacion.navarra.es\/web\/wp-json\/wp\/v2\/types\/page"}],"author":[{"embeddable":true,"href":"https:\/\/mendillorri-mendigoiti.educacion.navarra.es\/web\/wp-json\/wp\/v2\/users\/1"}],"replies":[{"embeddable":true,"href":"https:\/\/mendillorri-mendigoiti.educacion.navarra.es\/web\/wp-json\/wp\/v2\/comments?post=120"}],"version-history":[{"count":5,"href":"https:\/\/mendillorri-mendigoiti.educacion.navarra.es\/web\/wp-json\/wp\/v2\/pages\/120\/revisions"}],"predecessor-version":[{"id":5442,"href":"https:\/\/mendillorri-mendigoiti.educacion.navarra.es\/web\/wp-json\/wp\/v2\/pages\/120\/revisions\/5442"}],"wp:attachment":[{"href":"https:\/\/mendillorri-mendigoiti.educacion.navarra.es\/web\/wp-json\/wp\/v2\/media?parent=120"}],"curies":[{"name":"wp","href":"https:\/\/api.w.org\/{rel}","templated":true}]}}