{"id":72,"date":"2014-01-09T12:24:26","date_gmt":"2014-01-09T11:24:26","guid":{"rendered":"http:\/\/mendillorri-mendigoiti.educacion.navarra.es\/web\/?page_id=72"},"modified":"2021-11-24T14:11:44","modified_gmt":"2021-11-24T13:11:44","slug":"inicio","status":"publish","type":"page","link":"https:\/\/mendillorri-mendigoiti.educacion.navarra.es\/web\/es\/inicio\/","title":{"rendered":"Inicio"},"content":{"rendered":"<p>Somos un centro p\u00fablico de modelo D. Nuestro objetivo es alcanzar la excelencia educativa conjuntamente: profesorado, equipo directivo, alumnado, familias, APYMA, personal del centro, etc&nbsp; y para ello nos basamos en la calidad, transparencia y gesti\u00f3n participativa.<\/p>\n<p>Somos una comunidad escolar que crea comunidad en su entorno.<\/p>\n<p>Llevamos un seguimiento individual del alumnado que nos&nbsp; permite optimizar la orientaci\u00f3n escolar y las tutor\u00edas a las que se suman servicio de logopedia y pedagog\u00eda terap\u00e9utica.<\/p>\n\n\n<div class=\"wp-block-columns\">\n<div class=\"wp-block-column\">\n<figure class=\"wp-block-image size-large\"><img data-attachment-id=\"4076\" data-permalink=\"https:\/\/mendillorri-mendigoiti.educacion.navarra.es\/web\/es\/matrikulaldia-6-2\/\" data-orig-file=\"https:\/\/i0.wp.com\/mendillorri-mendigoiti.educacion.navarra.es\/web\/wp-content\/uploads\/2019\/12\/MATRIKULALDIA-1.jpg?fit=500%2C500&amp;ssl=1\" data-orig-size=\"500,500\" data-comments-opened=\"1\" data-image-meta=\"{&quot;aperture&quot;:&quot;0&quot;,&quot;credit&quot;:&quot;&quot;,&quot;camera&quot;:&quot;&quot;,&quot;caption&quot;:&quot;&quot;,&quot;created_timestamp&quot;:&quot;0&quot;,&quot;copyright&quot;:&quot;&quot;,&quot;focal_length&quot;:&quot;0&quot;,&quot;iso&quot;:&quot;0&quot;,&quot;shutter_speed&quot;:&quot;0&quot;,&quot;title&quot;:&quot;&quot;,&quot;orientation&quot;:&quot;1&quot;}\" data-image-title=\"MATRIKULALDIA\" data-image-description=\"\" data-image-caption=\"\" data-medium-file=\"https:\/\/i0.wp.com\/mendillorri-mendigoiti.educacion.navarra.es\/web\/wp-content\/uploads\/2019\/12\/MATRIKULALDIA-1.jpg?fit=400%2C400&amp;ssl=1\" data-large-file=\"https:\/\/i0.wp.com\/mendillorri-mendigoiti.educacion.navarra.es\/web\/wp-content\/uploads\/2019\/12\/MATRIKULALDIA-1.jpg?fit=500%2C500&amp;ssl=1\" loading=\"lazy\" width=\"500\" height=\"500\" src=\"https:\/\/i0.wp.com\/mendillorri-mendigoiti.educacion.navarra.es\/web\/wp-content\/uploads\/2019\/12\/MATRIKULALDIA-1.jpg?resize=500%2C500&#038;ssl=1\" alt=\"\" class=\"wp-image-4076\" srcset=\"https:\/\/i0.wp.com\/mendillorri-mendigoiti.educacion.navarra.es\/web\/wp-content\/uploads\/2019\/12\/MATRIKULALDIA-1.jpg?w=500&amp;ssl=1 500w, https:\/\/i0.wp.com\/mendillorri-mendigoiti.educacion.navarra.es\/web\/wp-content\/uploads\/2019\/12\/MATRIKULALDIA-1.jpg?resize=400%2C400&amp;ssl=1 400w, https:\/\/i0.wp.com\/mendillorri-mendigoiti.educacion.navarra.es\/web\/wp-content\/uploads\/2019\/12\/MATRIKULALDIA-1.jpg?resize=150%2C150&amp;ssl=1 150w\" sizes=\"(max-width: 500px) 100vw, 500px\" data-recalc-dims=\"1\" \/><\/figure>\n<\/div>\n\n\n\n<div class=\"wp-block-column\"><\/div>\n\n\n\n<div class=\"wp-block-column\"><\/div>\n<\/div>\n","protected":false},"excerpt":{"rendered":"<p>Somos un centro p\u00fablico de modelo D. Nuestro objetivo es alcanzar la excelencia educativa conjuntamente: profesorado, equipo directivo, alumnado, familias, APYMA, personal del centro, etc&nbsp; y para ello nos basamos en la calidad, transparencia y gesti\u00f3n participativa. Somos una comunidad escolar que crea comunidad en su entorno. Llevamos un seguimiento individual del alumnado que nos&nbsp; &hellip; <\/p>\n<p><a class=\"more-link btn\" href=\"https:\/\/mendillorri-mendigoiti.educacion.navarra.es\/web\/es\/inicio\/\">Continue reading<\/a><\/p>\n","protected":false},"author":1,"featured_media":0,"parent":0,"menu_order":0,"comment_status":"closed","ping_status":"closed","template":"","meta":{"jetpack_post_was_ever_published":false},"jetpack_sharing_enabled":true,"jetpack_shortlink":"https:\/\/wp.me\/P87afU-1a","jetpack-related-posts":[{"id":2534,"url":"https:\/\/mendillorri-mendigoiti.educacion.navarra.es\/web\/es\/consejo-escolar-elecciones-2017\/","url_meta":{"origin":72,"position":0},"title":"CONSEJO ESCOLAR:  ELECCIONES 2024","date":"2 de noviembre de 2017","format":false,"excerpt":"08 - MODELO PRESENTACI\u00d3N CANDIDATURAS\u00a0 2024 Durante las pr\u00f3ximas semanas pondremos en marcha el proceso de elecciones para renovar la 2\u00aa mitad del Consejo Escolar de Mendigoiti. A continuaci\u00f3n, presentamos el calendario del proceso: 10 de octubre, realizamos en Secretar\u00eda el sorteo para formar la Junta Electoral, que est\u00e1 integrada\u2026","rel":"","context":"Entrada similar","img":{"alt_text":"","src":"https:\/\/i0.wp.com\/mendillorri-mendigoiti.educacion.navarra.es\/web\/wp-content\/uploads\/2024\/10\/HAUTAGAITZA.png?resize=350%2C200&ssl=1","width":350,"height":200},"classes":[]},{"id":242,"url":"https:\/\/mendillorri-mendigoiti.educacion.navarra.es\/web\/es\/proyecto-tic\/","url_meta":{"origin":72,"position":1},"title":"Plan digital de centro","date":"28 de mayo de 2014","format":false,"excerpt":"\u00a0 Hoy nuestra sociedad est\u00e1 a\u00fan m\u00e1s digitalizada. Existen evidencias suficientes de la influencia negativa de la pantalla y su uso excesivo en el rendimiento escolar. Esto est\u00e1 generando una gran preocupaci\u00f3n en la comunidad educativa y un gran debate sobre el uso de las pantallas. \u00a0 Por tanto, los\u2026","rel":"","context":"Entrada similar","img":{"alt_text":"","src":"https:\/\/i0.wp.com\/mendillorri-mendigoiti.educacion.navarra.es\/web\/wp-content\/uploads\/2023\/09\/Captura-2.png?resize=350%2C200&ssl=1","width":350,"height":200},"classes":[]},{"id":5755,"url":"https:\/\/mendillorri-mendigoiti.educacion.navarra.es\/web\/es\/programas-socioemocionales\/","url_meta":{"origin":72,"position":2},"title":"Programas Socioemocionales","date":"1 de noviembre de 2022","format":false,"excerpt":"Los conocimientos aportados desde las ciencias del aprendizaje y la neuroeducaci\u00f3n, nos indican que el entrenamiento y desarrollo de las Funciones Ejecutivas (FE) y la autorregulaci\u00f3n emocional, son componentes clave tanto para el aprendizaje como para una vida en sociedad. Las investigaciones aportadas desde las neurociencias contemplativas por Richard J.\u2026","rel":"","context":"Entrada similar","img":{"alt_text":"","src":"https:\/\/i0.wp.com\/mendillorri-mendigoiti.educacion.navarra.es\/web\/wp-content\/uploads\/2022\/11\/Captura-de-pantalla-2022-11-01-a-las-16.15.50.png?resize=350%2C200&ssl=1","width":350,"height":200},"classes":[]},{"id":687,"url":"https:\/\/mendillorri-mendigoiti.educacion.navarra.es\/web\/es\/huerta\/","url_meta":{"origin":72,"position":3},"title":"Huerta escolar","date":"17 de noviembre de 2015","format":false,"excerpt":"Huerta: Verduras, de la huerta urbana del colegio al aula. Aunque nuestro colegio se encuentra en un entorno urbano, queremos acercarnos al mundo agr\u00edcola plantando y sembrando verduras en nuestra huerta urbana. Disponemos de las habituales macetas y de unas mesas de trabajo especiales y adem\u00e1s reutilizamos otros recipientes tambi\u00e9n.\u2026","rel":"","context":"Entrada similar","img":{"alt_text":"","src":"https:\/\/i0.wp.com\/mendillorri-mendigoiti.educacion.navarra.es\/web\/wp-content\/uploads\/2019\/09\/435829075_251066.jpg?resize=350%2C200","width":350,"height":200},"classes":[]},{"id":4378,"url":"https:\/\/mendillorri-mendigoiti.educacion.navarra.es\/web\/es\/aprendizaje-basado-en-proyectos\/","url_meta":{"origin":72,"position":4},"title":"APRENDIZAJE BASADO EN PROYECTOS Y EL APRENDIZAJE COOPERATIVO: PROGRAMA AC\/CA","date":"7 de junio de 2020","format":false,"excerpt":"El\u00a0Aprendizaje Basado en Proyectos\u00a0(ABP) es una metodolog\u00eda activa, una modalidad de ense\u00f1anza y aprendizaje centrada en el ni\u00f1o y la ni\u00f1a; un proceso compartido entre los participantes, siendo su objetivo principal la obtenci\u00f3n de un producto final. Este m\u00e9todo promueve el aprendizaje cooperativo, grupal e individual y aut\u00f3nomo dentro de\u2026","rel":"","context":"Entrada similar","img":{"alt_text":"","src":"https:\/\/i0.wp.com\/mendillorri-mendigoiti.educacion.navarra.es\/web\/wp-content\/uploads\/2020\/06\/ER020115-Aurkezpena-2.bloke-guraso-bilera-1.jpg?resize=350%2C200&ssl=1","width":350,"height":200},"classes":[]},{"id":5075,"url":"https:\/\/mendillorri-mendigoiti.educacion.navarra.es\/web\/es\/ecos-de-mendigoiti\/","url_meta":{"origin":72,"position":5},"title":"Ecos de Mendigoiti","date":"31 de diciembre de 2020","format":false,"excerpt":"ROC\u00cdO NIEBLAMadrid -\u00a006\u00a0ABR\u00a02023 - 05:25\u00a0CEST DOSIER GRA\u00d3 ENERO 2023 CONSEJO ESCOLAR DE NAVARRA DICIEMBRE 2022 DUALIZA-TE 12 de diciembre de 2022 Mendigoiti ikastetxea\u00a0junto con el\u00a0CEIP Rosa dels Vents\u00a0de Mallorca y el\u00a0\u00a0CEIP Attilio Bruschetti\u00a0de\u00a0 X\u00e1tiva ha sido seleccionado por el\u00a0Ministerio de Educaci\u00f3n\u00a0para desarrollar un proyecto com\u00fan con el fin de promover\u00a0\u2026","rel":"","context":"Entrada similar","img":{"alt_text":"","src":"https:\/\/i0.wp.com\/mendillorri-mendigoiti.educacion.navarra.es\/web\/wp-content\/uploads\/2024\/01\/MATRIKULAZIO-AURKEZPENA_-PRESENTACION-MATRICULACION.jpg?resize=350%2C200&ssl=1","width":350,"height":200},"classes":[]}],"_links":{"self":[{"href":"https:\/\/mendillorri-mendigoiti.educacion.navarra.es\/web\/es\/wp-json\/wp\/v2\/pages\/72"}],"collection":[{"href":"https:\/\/mendillorri-mendigoiti.educacion.navarra.es\/web\/es\/wp-json\/wp\/v2\/pages"}],"about":[{"href":"https:\/\/mendillorri-mendigoiti.educacion.navarra.es\/web\/es\/wp-json\/wp\/v2\/types\/page"}],"author":[{"embeddable":true,"href":"https:\/\/mendillorri-mendigoiti.educacion.navarra.es\/web\/es\/wp-json\/wp\/v2\/users\/1"}],"replies":[{"embeddable":true,"href":"https:\/\/mendillorri-mendigoiti.educacion.navarra.es\/web\/es\/wp-json\/wp\/v2\/comments?post=72"}],"version-history":[{"count":11,"href":"https:\/\/mendillorri-mendigoiti.educacion.navarra.es\/web\/es\/wp-json\/wp\/v2\/pages\/72\/revisions"}],"predecessor-version":[{"id":5537,"href":"https:\/\/mendillorri-mendigoiti.educacion.navarra.es\/web\/es\/wp-json\/wp\/v2\/pages\/72\/revisions\/5537"}],"wp:attachment":[{"href":"https:\/\/mendillorri-mendigoiti.educacion.navarra.es\/web\/es\/wp-json\/wp\/v2\/media?parent=72"}],"curies":[{"name":"wp","href":"https:\/\/api.w.org\/{rel}","templated":true}]}}