{"id":605,"date":"2015-11-16T23:12:46","date_gmt":"2015-11-16T22:12:46","guid":{"rendered":"http:\/\/mendillorri-mendigoiti.educacion.navarra.es\/web\/es\/non-gaude\/"},"modified":"2025-07-04T09:07:00","modified_gmt":"2025-07-04T07:07:00","slug":"mapa","status":"publish","type":"page","link":"https:\/\/mendillorri-mendigoiti.educacion.navarra.es\/web\/es\/mapa\/","title":{"rendered":"\u00bfD\u00f3nde estamos?"},"content":{"rendered":"<p style=\"text-align: center;\"><a href=\"https:\/\/goo.gl\/maps\/n64nbUdEU2B2\" target=\"_blank\" rel=\"noopener\"><img loading=\"lazy\" class=\"aligncenter wp-image-602 size-medium\" src=\"https:\/\/i0.wp.com\/mendillorri-mendigoiti.educacion.navarra.es\/web\/wp-content\/uploads\/2015\/11\/MAPA.jpg?resize=534%2C400&#038;ssl=1\" alt=\"MAPA\" width=\"534\" height=\"400\" srcset=\"https:\/\/i0.wp.com\/mendillorri-mendigoiti.educacion.navarra.es\/web\/wp-content\/uploads\/2015\/11\/MAPA.jpg?resize=534%2C400&amp;ssl=1 534w, https:\/\/i0.wp.com\/mendillorri-mendigoiti.educacion.navarra.es\/web\/wp-content\/uploads\/2015\/11\/MAPA.jpg?resize=1024%2C768&amp;ssl=1 1024w, https:\/\/i0.wp.com\/mendillorri-mendigoiti.educacion.navarra.es\/web\/wp-content\/uploads\/2015\/11\/MAPA.jpg?w=1126&amp;ssl=1 1126w\" sizes=\"(max-width: 534px) 100vw, 534px\" data-recalc-dims=\"1\" \/><\/a><strong>Concejo de Gorraiz s.n.<br \/>\n<\/strong><\/p>\n<p style=\"text-align: center;\"><strong>31016 Iru\u00f1ea &#8211; Pamplona<br \/>\n<\/strong><\/p>\n<p style=\"text-align: center;\"><strong>Tfno.: 948 633 518<\/strong><\/p>\n<p style=\"text-align: center;\"><a href=\"mailto:cpmendi4@educacion.navarra.es\">mendigoiti@educacion.navarra.es<\/a><\/p>\n","protected":false},"excerpt":{"rendered":"<p>Concejo de Gorraiz s.n. 31016 Iru\u00f1ea &#8211; Pamplona Tfno.: 948 633 518 mendigoiti@educacion.navarra.es<\/p>\n","protected":false},"author":1,"featured_media":0,"parent":0,"menu_order":0,"comment_status":"closed","ping_status":"closed","template":"","meta":{"jetpack_post_was_ever_published":false},"jetpack_sharing_enabled":true,"jetpack_shortlink":"https:\/\/wp.me\/P87afU-9L","jetpack-related-posts":[{"id":601,"url":"https:\/\/mendillorri-mendigoiti.educacion.navarra.es\/web\/mapa\/","url_meta":{"origin":605,"position":0},"title":"Non gaude?","date":"16 de noviembre de 2015","format":false,"excerpt":"Gorraizko kontzejua z.g. 31016 Iru\u00f1ea Tfnoa.: 948 633 518 mendigoiti@educacion.navarra.es","rel":"","context":"Entrada similar","img":{"alt_text":"MAPA","src":"https:\/\/i0.wp.com\/mendillorri-mendigoiti.educacion.navarra.es\/web\/wp-content\/uploads\/2015\/11\/MAPA-534x400.jpg?resize=350%2C200","width":350,"height":200},"classes":[]},{"id":2534,"url":"https:\/\/mendillorri-mendigoiti.educacion.navarra.es\/web\/es\/consejo-escolar-elecciones-2017\/","url_meta":{"origin":605,"position":1},"title":"CONSEJO ESCOLAR:  ELECCIONES 2024","date":"2 de noviembre de 2017","format":false,"excerpt":"08 - MODELO PRESENTACI\u00d3N CANDIDATURAS\u00a0 2024 Durante las pr\u00f3ximas semanas pondremos en marcha el proceso de elecciones para renovar la 2\u00aa mitad del Consejo Escolar de Mendigoiti. A continuaci\u00f3n, presentamos el calendario del proceso: 10 de octubre, realizamos en Secretar\u00eda el sorteo para formar la Junta Electoral, que est\u00e1 integrada\u2026","rel":"","context":"Entrada similar","img":{"alt_text":"","src":"https:\/\/i0.wp.com\/mendillorri-mendigoiti.educacion.navarra.es\/web\/wp-content\/uploads\/2024\/10\/HAUTAGAITZA.png?resize=350%2C200&ssl=1","width":350,"height":200},"classes":[]},{"id":2498,"url":"https:\/\/mendillorri-mendigoiti.educacion.navarra.es\/web\/es\/prevencion-de-riesgos-laborales\/","url_meta":{"origin":605,"position":2},"title":"PREVENCI\u00d3N DE RIESGOS LABORALES","date":"29 de octubre de 2017","format":false,"excerpt":"","rel":"","context":"Entrada similar","img":{"alt_text":"","src":"","width":0,"height":0},"classes":[]},{"id":1379,"url":"https:\/\/mendillorri-mendigoiti.educacion.navarra.es\/web\/es\/proceso-de-acogida-2016-2017\/","url_meta":{"origin":605,"position":3},"title":"PROCESO DE ACOGIDA 2016-2017","date":"9 de junio de 2016","format":false,"excerpt":"\u00a0 \u00a0 \u00a0","rel":"","context":"Con 2 comentarios","img":{"alt_text":"","src":"https:\/\/i0.wp.com\/mendillorri-mendigoiti.educacion.navarra.es\/web\/wp-content\/uploads\/2016\/06\/HH1-EGOKITZAPENA_15.jpg?resize=350%2C200","width":350,"height":200},"classes":[]},{"id":5874,"url":"https:\/\/mendillorri-mendigoiti.educacion.navarra.es\/web\/es\/aula-de-madrugadores-y-madrugadoras\/","url_meta":{"origin":605,"position":4},"title":"Aula de madrugadores y madrugadoras","date":"26 de febrero de 2023","format":false,"excerpt":"El aula de madrugadoras es un servicio que ofrece la APYMA para ayudar en la conciliaci\u00f3n escuela y familia. El horario es de lunes a viernes, de 7:45 a 8:50","rel":"","context":"Entrada similar","img":{"alt_text":"","src":"https:\/\/i0.wp.com\/mendillorri-mendigoiti.educacion.navarra.es\/web\/wp-content\/uploads\/2023\/02\/goiztiarren-gela-1-1-scaled.jpg?resize=350%2C200&ssl=1","width":350,"height":200},"classes":[]},{"id":120,"url":"https:\/\/mendillorri-mendigoiti.educacion.navarra.es\/web\/harrenana\/","url_meta":{"origin":605,"position":5},"title":"Harremana","date":"13 de enero de 2014","format":false,"excerpt":"","rel":"","context":"Entrada similar","img":{"alt_text":"","src":"https:\/\/i0.wp.com\/mendillorri-mendigoiti.educacion.navarra.es\/web\/wp-content\/uploads\/2021\/09\/Helbide-elektronikoak-Mendigoiti-2021-2022-Gurasoentzat-1.jpg?resize=350%2C200&ssl=1","width":350,"height":200},"classes":[]}],"_links":{"self":[{"href":"https:\/\/mendillorri-mendigoiti.educacion.navarra.es\/web\/es\/wp-json\/wp\/v2\/pages\/605"}],"collection":[{"href":"https:\/\/mendillorri-mendigoiti.educacion.navarra.es\/web\/es\/wp-json\/wp\/v2\/pages"}],"about":[{"href":"https:\/\/mendillorri-mendigoiti.educacion.navarra.es\/web\/es\/wp-json\/wp\/v2\/types\/page"}],"author":[{"embeddable":true,"href":"https:\/\/mendillorri-mendigoiti.educacion.navarra.es\/web\/es\/wp-json\/wp\/v2\/users\/1"}],"replies":[{"embeddable":true,"href":"https:\/\/mendillorri-mendigoiti.educacion.navarra.es\/web\/es\/wp-json\/wp\/v2\/comments?post=605"}],"version-history":[{"count":8,"href":"https:\/\/mendillorri-mendigoiti.educacion.navarra.es\/web\/es\/wp-json\/wp\/v2\/pages\/605\/revisions"}],"predecessor-version":[{"id":7039,"href":"https:\/\/mendillorri-mendigoiti.educacion.navarra.es\/web\/es\/wp-json\/wp\/v2\/pages\/605\/revisions\/7039"}],"wp:attachment":[{"href":"https:\/\/mendillorri-mendigoiti.educacion.navarra.es\/web\/es\/wp-json\/wp\/v2\/media?parent=605"}],"curies":[{"name":"wp","href":"https:\/\/api.w.org\/{rel}","templated":true}]}}