{"id":5755,"date":"2022-11-01T18:11:47","date_gmt":"2022-11-01T17:11:47","guid":{"rendered":"https:\/\/mendillorri-mendigoiti.educacion.navarra.es\/web\/?page_id=5755"},"modified":"2022-11-01T18:48:27","modified_gmt":"2022-11-01T17:48:27","slug":"programas-socioemocionales","status":"publish","type":"page","link":"https:\/\/mendillorri-mendigoiti.educacion.navarra.es\/web\/es\/programas-socioemocionales\/","title":{"rendered":"Programas Socioemocionales"},"content":{"rendered":"\n<p>Los conocimientos aportados desde las ciencias del aprendizaje y la neuroeducaci\u00f3n, nos indican que el entrenamiento y desarrollo de las Funciones Ejecutivas (FE) y la autorregulaci\u00f3n emocional, son componentes clave tanto para el aprendizaje como para una vida en sociedad. Las investigaciones aportadas desde las neurociencias contemplativas por Richard J. Davidson, nos muestran los beneficios de introducir pr\u00e1cticas de mindfulness en el tejido de aula. A su vez, las investigaciones aportadas por \u00c1lvaro Pascual-Leone, referente internacional en promover una adecuada salud cerebral, nos muestran que este tipo de pr\u00e1cticas es beneficiosa para promover la salutog\u00e9nesis, \u00e1rea que se centra en promover los factores que respaldan la salud y el bienestar humano en lugar de aquellos factores que causan la enfermedad (patog\u00e9nesis). Por lo tanto, combierte a este tipo de pr\u00e1cticas en herramientas preventivas y resilientes.<\/p>\n\n\n\n<p>Para el desarrollo de todo esto, en Mendigoiti hacemos uso de tres programas socioemocionales reconocidos y validados por la investigaci\u00f3n. Estos programas son:<\/p>\n\n\n\n<ul><li><strong>Kindness curr\u00edculum:<\/strong> plan de la amabilidad desarrollado por Richard J. Davidson, el cual aplicamos en la comunidad de peque\u00f1@s (etapa de Educaci\u00f3n Infantil).<\/li><li><strong>MindUp:<\/strong> programa desarrollado por la actriz Goldie Hawn y la neur\u00f3loga Judy Willis, en el que adem\u00e1s de realizar pr\u00e1cticas contemplativas, se ense\u00f1a al alumnado c\u00f3mo funciona su cerebro, lo que ayuda al empoderamiento y la autonom\u00eda. Este programa lo aplicamos en la comunidad de median@s y mayores (etapa de Educaci\u00f3n Primaria).<\/li><li><strong>Tools of the Mind:<\/strong> programa que viene de los trabajos del psic\u00f3logo Lev Vygotsky y Elena Bodrova, y que ha sido desarrollado por la investigadora Adele Diamond. Este programa tiene como objetivo el desarrollo de las FE a trav\u00e9s del lenguaje y juego simb\u00f3lico. Este programa lo aplicamos en alumnado de \u00faltimo curso de Infantil y primer curso de Primaria, debido a sus caracter\u00edsticas evolutivas. Adem\u00e1s de los propios beneficios del programa, con la aplicaci\u00f3n entre interetapas, se pretende facilitar la transici\u00f3n del alumnado entre las mismas.<\/li><\/ul>\n\n\n\n<figure data-carousel-extra='{\"blog_id\":1,\"permalink\":\"https:\\\/\\\/mendillorri-mendigoiti.educacion.navarra.es\\\/web\\\/es\\\/programas-socioemocionales\\\/\"}'  class=\"wp-block-gallery has-nested-images columns-default is-cropped\">\n<figure class=\"wp-block-image size-full\"><img data-attachment-id=\"5761\" data-permalink=\"https:\/\/mendillorri-mendigoiti.educacion.navarra.es\/web\/es\/programas-socioemocionales\/captura-de-pantalla-2022-11-01-a-las-16-15-50\/\" data-orig-file=\"https:\/\/i0.wp.com\/mendillorri-mendigoiti.educacion.navarra.es\/web\/wp-content\/uploads\/2022\/11\/Captura-de-pantalla-2022-11-01-a-las-16.15.50.png?fit=938%2C382&amp;ssl=1\" data-orig-size=\"938,382\" data-comments-opened=\"1\" data-image-meta=\"{&quot;aperture&quot;:&quot;0&quot;,&quot;credit&quot;:&quot;&quot;,&quot;camera&quot;:&quot;&quot;,&quot;caption&quot;:&quot;&quot;,&quot;created_timestamp&quot;:&quot;0&quot;,&quot;copyright&quot;:&quot;&quot;,&quot;focal_length&quot;:&quot;0&quot;,&quot;iso&quot;:&quot;0&quot;,&quot;shutter_speed&quot;:&quot;0&quot;,&quot;title&quot;:&quot;&quot;,&quot;orientation&quot;:&quot;0&quot;}\" data-image-title=\"Captura-de-pantalla-2022-11-01-a-las-16.15.50\" data-image-description=\"\" data-image-caption=\"\" data-medium-file=\"https:\/\/i0.wp.com\/mendillorri-mendigoiti.educacion.navarra.es\/web\/wp-content\/uploads\/2022\/11\/Captura-de-pantalla-2022-11-01-a-las-16.15.50.png?fit=800%2C326&amp;ssl=1\" data-large-file=\"https:\/\/i0.wp.com\/mendillorri-mendigoiti.educacion.navarra.es\/web\/wp-content\/uploads\/2022\/11\/Captura-de-pantalla-2022-11-01-a-las-16.15.50.png?fit=890%2C362&amp;ssl=1\" loading=\"lazy\" width=\"890\" height=\"362\" data-id=\"5761\"  src=\"https:\/\/i0.wp.com\/mendillorri-mendigoiti.educacion.navarra.es\/web\/wp-content\/uploads\/2022\/11\/Captura-de-pantalla-2022-11-01-a-las-16.15.50.png?resize=890%2C362&#038;ssl=1\" alt=\"\" class=\"wp-image-5761\" srcset=\"https:\/\/i0.wp.com\/mendillorri-mendigoiti.educacion.navarra.es\/web\/wp-content\/uploads\/2022\/11\/Captura-de-pantalla-2022-11-01-a-las-16.15.50.png?w=938&amp;ssl=1 938w, https:\/\/i0.wp.com\/mendillorri-mendigoiti.educacion.navarra.es\/web\/wp-content\/uploads\/2022\/11\/Captura-de-pantalla-2022-11-01-a-las-16.15.50.png?resize=800%2C326&amp;ssl=1 800w, https:\/\/i0.wp.com\/mendillorri-mendigoiti.educacion.navarra.es\/web\/wp-content\/uploads\/2022\/11\/Captura-de-pantalla-2022-11-01-a-las-16.15.50.png?resize=768%2C313&amp;ssl=1 768w, https:\/\/i0.wp.com\/mendillorri-mendigoiti.educacion.navarra.es\/web\/wp-content\/uploads\/2022\/11\/Captura-de-pantalla-2022-11-01-a-las-16.15.50.png?resize=890%2C362&amp;ssl=1 890w\" sizes=\"(max-width: 890px) 100vw, 890px\" data-recalc-dims=\"1\" \/><\/figure>\n<\/figure>\n","protected":false},"excerpt":{"rendered":"<p>Los conocimientos aportados desde las ciencias del aprendizaje y la neuroeducaci\u00f3n, nos indican que el entrenamiento y desarrollo de las Funciones Ejecutivas (FE) y la autorregulaci\u00f3n emocional, son componentes clave tanto para el aprendizaje como para una vida en sociedad. Las investigaciones aportadas desde las neurociencias contemplativas por Richard J. Davidson, nos muestran los beneficios &hellip; <\/p>\n<p><a class=\"more-link btn\" href=\"https:\/\/mendillorri-mendigoiti.educacion.navarra.es\/web\/es\/programas-socioemocionales\/\">Continue reading<\/a><\/p>\n","protected":false},"author":1,"featured_media":0,"parent":0,"menu_order":0,"comment_status":"closed","ping_status":"closed","template":"","meta":{"jetpack_post_was_ever_published":false},"jetpack_sharing_enabled":true,"jetpack_shortlink":"https:\/\/wp.me\/P87afU-1uP","jetpack-related-posts":[{"id":242,"url":"https:\/\/mendillorri-mendigoiti.educacion.navarra.es\/web\/es\/proyecto-tic\/","url_meta":{"origin":5755,"position":0},"title":"Plan digital de centro","date":"28 de mayo de 2014","format":false,"excerpt":"\u00a0 Hoy nuestra sociedad est\u00e1 a\u00fan m\u00e1s digitalizada. Existen evidencias suficientes de la influencia negativa de la pantalla y su uso excesivo en el rendimiento escolar. Esto est\u00e1 generando una gran preocupaci\u00f3n en la comunidad educativa y un gran debate sobre el uso de las pantallas. \u00a0 Por tanto, los\u2026","rel":"","context":"Entrada similar","img":{"alt_text":"","src":"https:\/\/i0.wp.com\/mendillorri-mendigoiti.educacion.navarra.es\/web\/wp-content\/uploads\/2023\/09\/Captura-2.png?resize=350%2C200&ssl=1","width":350,"height":200},"classes":[]},{"id":4378,"url":"https:\/\/mendillorri-mendigoiti.educacion.navarra.es\/web\/es\/aprendizaje-basado-en-proyectos\/","url_meta":{"origin":5755,"position":1},"title":"APRENDIZAJE BASADO EN PROYECTOS Y EL APRENDIZAJE COOPERATIVO: PROGRAMA AC\/CA","date":"7 de junio de 2020","format":false,"excerpt":"El\u00a0Aprendizaje Basado en Proyectos\u00a0(ABP) es una metodolog\u00eda activa, una modalidad de ense\u00f1anza y aprendizaje centrada en el ni\u00f1o y la ni\u00f1a; un proceso compartido entre los participantes, siendo su objetivo principal la obtenci\u00f3n de un producto final. Este m\u00e9todo promueve el aprendizaje cooperativo, grupal e individual y aut\u00f3nomo dentro de\u2026","rel":"","context":"Entrada similar","img":{"alt_text":"","src":"https:\/\/i0.wp.com\/mendillorri-mendigoiti.educacion.navarra.es\/web\/wp-content\/uploads\/2020\/06\/ER020115-Aurkezpena-2.bloke-guraso-bilera-1.jpg?resize=350%2C200&ssl=1","width":350,"height":200},"classes":[]},{"id":100,"url":"https:\/\/mendillorri-mendigoiti.educacion.navarra.es\/web\/es\/proyecto-educativo\/","url_meta":{"origin":5755,"position":2},"title":"Proyecto Educativo","date":"13 de enero de 2014","format":false,"excerpt":"Estas son nuestras se\u00f1as de identidad: Somos una escuela amable, respetuosa con la infancia que\u00a0 tiene como\u00a0 objetivo \u00a0 ayudar a las ni\u00f1as y ni\u00f1os a\u00a0 desarrollarse como personas maduras , descubrir mundos y\u00a0 horizontes que desconocen y desarrollar talentos propios. \u00a0\u00a0\u00a0Mendigoiti\u00a0 es una escuela comprometida con una educaci\u00f3n viva\u2026","rel":"","context":"Con 1 comentario","img":{"alt_text":"","src":"https:\/\/i0.wp.com\/mendillorri-mendigoiti.educacion.navarra.es\/web\/wp-content\/uploads\/2020\/12\/IMG_0195-rotated.jpeg?resize=350%2C200&ssl=1","width":350,"height":200},"classes":[]},{"id":2534,"url":"https:\/\/mendillorri-mendigoiti.educacion.navarra.es\/web\/es\/consejo-escolar-elecciones-2017\/","url_meta":{"origin":5755,"position":3},"title":"CONSEJO ESCOLAR:  ELECCIONES 2024","date":"2 de noviembre de 2017","format":false,"excerpt":"08 - MODELO PRESENTACI\u00d3N CANDIDATURAS\u00a0 2024 Durante las pr\u00f3ximas semanas pondremos en marcha el proceso de elecciones para renovar la 2\u00aa mitad del Consejo Escolar de Mendigoiti. A continuaci\u00f3n, presentamos el calendario del proceso: 10 de octubre, realizamos en Secretar\u00eda el sorteo para formar la Junta Electoral, que est\u00e1 integrada\u2026","rel":"","context":"Entrada similar","img":{"alt_text":"","src":"https:\/\/i0.wp.com\/mendillorri-mendigoiti.educacion.navarra.es\/web\/wp-content\/uploads\/2024\/10\/HAUTAGAITZA.png?resize=350%2C200&ssl=1","width":350,"height":200},"classes":[]},{"id":5075,"url":"https:\/\/mendillorri-mendigoiti.educacion.navarra.es\/web\/es\/ecos-de-mendigoiti\/","url_meta":{"origin":5755,"position":4},"title":"Ecos de Mendigoiti","date":"31 de diciembre de 2020","format":false,"excerpt":"ROC\u00cdO NIEBLAMadrid -\u00a006\u00a0ABR\u00a02023 - 05:25\u00a0CEST DOSIER GRA\u00d3 ENERO 2023 CONSEJO ESCOLAR DE NAVARRA DICIEMBRE 2022 DUALIZA-TE 12 de diciembre de 2022 Mendigoiti ikastetxea\u00a0junto con el\u00a0CEIP Rosa dels Vents\u00a0de Mallorca y el\u00a0\u00a0CEIP Attilio Bruschetti\u00a0de\u00a0 X\u00e1tiva ha sido seleccionado por el\u00a0Ministerio de Educaci\u00f3n\u00a0para desarrollar un proyecto com\u00fan con el fin de promover\u00a0\u2026","rel":"","context":"Entrada similar","img":{"alt_text":"","src":"https:\/\/i0.wp.com\/mendillorri-mendigoiti.educacion.navarra.es\/web\/wp-content\/uploads\/2024\/01\/MATRIKULAZIO-AURKEZPENA_-PRESENTACION-MATRICULACION.jpg?resize=350%2C200&ssl=1","width":350,"height":200},"classes":[]},{"id":695,"url":"https:\/\/mendillorri-mendigoiti.educacion.navarra.es\/web\/es\/proyecto-linguistico\/","url_meta":{"origin":5755,"position":5},"title":"Proyecto ling\u00fc\u00edstico","date":"17 de noviembre de 2015","format":false,"excerpt":"Proyecto ling\u00fc\u00edstico: Formar personas pluriling\u00fces. En Mendigoiti el euskara es el eje del Proyecto Educativo y Ling\u00fc\u00edstico. Queremos formar personas pluriling\u00fces , personas que conocen y utilizan de manera funcional las lenguas. Queremos formar a nuestro alumnado para la sociedad global y pluriling\u00fce en la que vive. El Proyecto Ling\u00fc\u00edstico\u2026","rel":"","context":"Con 2 comentarios","img":{"alt_text":"","src":"https:\/\/i0.wp.com\/mendillorri-mendigoiti.educacion.navarra.es\/web\/wp-content\/uploads\/2020\/12\/IMG_0366-scaled-e1607756553560-400x400.jpeg?resize=350%2C200","width":350,"height":200},"classes":[]}],"_links":{"self":[{"href":"https:\/\/mendillorri-mendigoiti.educacion.navarra.es\/web\/es\/wp-json\/wp\/v2\/pages\/5755"}],"collection":[{"href":"https:\/\/mendillorri-mendigoiti.educacion.navarra.es\/web\/es\/wp-json\/wp\/v2\/pages"}],"about":[{"href":"https:\/\/mendillorri-mendigoiti.educacion.navarra.es\/web\/es\/wp-json\/wp\/v2\/types\/page"}],"author":[{"embeddable":true,"href":"https:\/\/mendillorri-mendigoiti.educacion.navarra.es\/web\/es\/wp-json\/wp\/v2\/users\/1"}],"replies":[{"embeddable":true,"href":"https:\/\/mendillorri-mendigoiti.educacion.navarra.es\/web\/es\/wp-json\/wp\/v2\/comments?post=5755"}],"version-history":[{"count":6,"href":"https:\/\/mendillorri-mendigoiti.educacion.navarra.es\/web\/es\/wp-json\/wp\/v2\/pages\/5755\/revisions"}],"predecessor-version":[{"id":5773,"href":"https:\/\/mendillorri-mendigoiti.educacion.navarra.es\/web\/es\/wp-json\/wp\/v2\/pages\/5755\/revisions\/5773"}],"wp:attachment":[{"href":"https:\/\/mendillorri-mendigoiti.educacion.navarra.es\/web\/es\/wp-json\/wp\/v2\/media?parent=5755"}],"curies":[{"name":"wp","href":"https:\/\/api.w.org\/{rel}","templated":true}]}}