{"id":4378,"date":"2020-06-07T11:56:15","date_gmt":"2020-06-07T09:56:15","guid":{"rendered":"http:\/\/mendillorri-mendigoiti.educacion.navarra.es\/web\/?page_id=4378"},"modified":"2020-06-07T13:12:05","modified_gmt":"2020-06-07T11:12:05","slug":"aprendizaje-basado-en-proyectos","status":"publish","type":"page","link":"https:\/\/mendillorri-mendigoiti.educacion.navarra.es\/web\/es\/aprendizaje-basado-en-proyectos\/","title":{"rendered":"APRENDIZAJE BASADO EN PROYECTOS Y EL APRENDIZAJE COOPERATIVO: PROGRAMA AC\/CA"},"content":{"rendered":"\n<figure class=\"wp-block-image size-large\"><img data-attachment-id=\"4381\" data-permalink=\"https:\/\/mendillorri-mendigoiti.educacion.navarra.es\/web\/es\/aprendizaje-basado-en-proyectos\/er020115-aurkezpena-2-bloke-guraso-bilera-1\/\" data-orig-file=\"https:\/\/i0.wp.com\/mendillorri-mendigoiti.educacion.navarra.es\/web\/wp-content\/uploads\/2020\/06\/ER020115-Aurkezpena-2.bloke-guraso-bilera-1.jpg?fit=960%2C720&amp;ssl=1\" data-orig-size=\"960,720\" data-comments-opened=\"1\" data-image-meta=\"{&quot;aperture&quot;:&quot;0&quot;,&quot;credit&quot;:&quot;&quot;,&quot;camera&quot;:&quot;&quot;,&quot;caption&quot;:&quot;&quot;,&quot;created_timestamp&quot;:&quot;0&quot;,&quot;copyright&quot;:&quot;&quot;,&quot;focal_length&quot;:&quot;0&quot;,&quot;iso&quot;:&quot;0&quot;,&quot;shutter_speed&quot;:&quot;0&quot;,&quot;title&quot;:&quot;&quot;,&quot;orientation&quot;:&quot;0&quot;}\" data-image-title=\"ER020115-Aurkezpena-2.bloke-guraso-bilera-1\" data-image-description=\"\" data-image-caption=\"\" data-medium-file=\"https:\/\/i0.wp.com\/mendillorri-mendigoiti.educacion.navarra.es\/web\/wp-content\/uploads\/2020\/06\/ER020115-Aurkezpena-2.bloke-guraso-bilera-1.jpg?fit=800%2C600&amp;ssl=1\" data-large-file=\"https:\/\/i0.wp.com\/mendillorri-mendigoiti.educacion.navarra.es\/web\/wp-content\/uploads\/2020\/06\/ER020115-Aurkezpena-2.bloke-guraso-bilera-1.jpg?fit=890%2C668&amp;ssl=1\" loading=\"lazy\" width=\"890\" height=\"668\" src=\"https:\/\/i0.wp.com\/mendillorri-mendigoiti.educacion.navarra.es\/web\/wp-content\/uploads\/2020\/06\/ER020115-Aurkezpena-2.bloke-guraso-bilera-1.jpg?resize=890%2C668\" alt=\"\" class=\"wp-image-4381\" srcset=\"https:\/\/i0.wp.com\/mendillorri-mendigoiti.educacion.navarra.es\/web\/wp-content\/uploads\/2020\/06\/ER020115-Aurkezpena-2.bloke-guraso-bilera-1.jpg?w=960&amp;ssl=1 960w, https:\/\/i0.wp.com\/mendillorri-mendigoiti.educacion.navarra.es\/web\/wp-content\/uploads\/2020\/06\/ER020115-Aurkezpena-2.bloke-guraso-bilera-1.jpg?resize=800%2C600&amp;ssl=1 800w, https:\/\/i0.wp.com\/mendillorri-mendigoiti.educacion.navarra.es\/web\/wp-content\/uploads\/2020\/06\/ER020115-Aurkezpena-2.bloke-guraso-bilera-1.jpg?resize=768%2C576&amp;ssl=1 768w\" sizes=\"(max-width: 890px) 100vw, 890px\" data-recalc-dims=\"1\" \/><\/figure>\n\n\n\n<p>El&nbsp;<strong>Aprendizaje Basado en Proyectos<\/strong>&nbsp;(ABP) es una metodolog\u00eda activa, una modalidad de ense\u00f1anza y aprendizaje centrada en el ni\u00f1o y la ni\u00f1a;  un proceso compartido entre los participantes, siendo su objetivo principal la obtenci\u00f3n de un producto final. <\/p>\n\n\n\n<p>Este m\u00e9todo promueve el aprendizaje cooperativo, grupal e individual y aut\u00f3nomo dentro de un plan de trabajo definido por objetivos y procedimientos.El  alumnado se responsabiliza de su propio  aprendizaje, descubren sus preferencias y estrategias en el proceso. As\u00ed mismo pueden participar en las decisiones relativas a los contenidos y a la evaluaci\u00f3n del aprendizaje propiciando oportunidades para la autoevaluaci\u00f3n, coevaluaci\u00f3n y heteroevaluaci\u00f3n.<\/p>\n\n\n\n<p><strong>APRENDIZAJE COOPERATIVO: PROGRAMA AC\/CA<\/strong> (\u201cCooperar para Aprender \/Aprender a Cooperar\u201d)<\/p>\n\n\n\n<p><strong><br><\/strong>Los recursos, las plantillas, la manera de agrupar alumnado y el resto de aspectos del\u00a0<strong>programa AC\/CA<\/strong> son muy importantes en el ABP o Aprendizaje Basado en Proyectos y de manera especial, saber c\u00f3mo cooperar para aprender y c\u00f3mo aprender a cooperar para desarrollar la cohesi\u00f3n entre el alumnado. <\/p>\n\n\n\n<p>&#8211; Se trabajar\u00e1 la cohesi\u00f3n de grupo a trav\u00e9s de din\u00e1micas del programa AC-CA<\/p>\n\n\n\n<p>&#8211; Se trabajar\u00e1n estructuras del \u00c1mbito B que contiene todas las actuaciones caracterizadas por el uso del trabajo en equipo como recurso para ense\u00f1ar, para que los alumnos, trabajando de esta manera, aprendan mejor los contenidos escolares, ya que se ayudan unos a otros.<\/p>\n\n\n\n<p>&#8211;&nbsp; Se trabajar\u00e1 el \u00c1mbito C,&nbsp; el trabajo en equipo como contenido a ense\u00f1ar que contiene,&nbsp; dos herramientas&nbsp; did\u00e1cticas muy eficaces en este sentido -los Planes del equipo y el Cuaderno del equipo con el diario de sesiones en la etapa de Primaria.<\/p>\n\n\n\n<p>El profesorado es acompa\u00f1ante en todo el proceso. <\/p>\n\n\n\n<p><\/p>\n","protected":false},"excerpt":{"rendered":"<p>El&nbsp;Aprendizaje Basado en Proyectos&nbsp;(ABP) es una metodolog\u00eda activa, una modalidad de ense\u00f1anza y aprendizaje centrada en el ni\u00f1o y la ni\u00f1a; un proceso compartido entre los participantes, siendo su objetivo principal la obtenci\u00f3n de un producto final. Este m\u00e9todo promueve el aprendizaje cooperativo, grupal e individual y aut\u00f3nomo dentro de un plan de trabajo definido &hellip; <\/p>\n<p><a class=\"more-link btn\" href=\"https:\/\/mendillorri-mendigoiti.educacion.navarra.es\/web\/es\/aprendizaje-basado-en-proyectos\/\">Continue reading<\/a><\/p>\n","protected":false},"author":1,"featured_media":0,"parent":0,"menu_order":0,"comment_status":"closed","ping_status":"closed","template":"","meta":{"jetpack_post_was_ever_published":false},"jetpack_sharing_enabled":true,"jetpack_shortlink":"https:\/\/wp.me\/P87afU-18C","jetpack-related-posts":[{"id":100,"url":"https:\/\/mendillorri-mendigoiti.educacion.navarra.es\/web\/es\/proyecto-educativo\/","url_meta":{"origin":4378,"position":0},"title":"Proyecto Educativo","date":"13 de enero de 2014","format":false,"excerpt":"Estas son nuestras se\u00f1as de identidad: Somos una escuela amable, respetuosa con la infancia que\u00a0 tiene como\u00a0 objetivo \u00a0 ayudar a las ni\u00f1as y ni\u00f1os a\u00a0 desarrollarse como personas maduras , descubrir mundos y\u00a0 horizontes que desconocen y desarrollar talentos propios. \u00a0\u00a0\u00a0Mendigoiti\u00a0 es una escuela comprometida con una educaci\u00f3n viva\u2026","rel":"","context":"Con 1 comentario","img":{"alt_text":"","src":"https:\/\/i0.wp.com\/mendillorri-mendigoiti.educacion.navarra.es\/web\/wp-content\/uploads\/2020\/12\/IMG_0195-rotated.jpeg?resize=350%2C200&ssl=1","width":350,"height":200},"classes":[]},{"id":242,"url":"https:\/\/mendillorri-mendigoiti.educacion.navarra.es\/web\/es\/proyecto-tic\/","url_meta":{"origin":4378,"position":1},"title":"Plan digital de centro","date":"28 de mayo de 2014","format":false,"excerpt":"\u00a0 Hoy nuestra sociedad est\u00e1 a\u00fan m\u00e1s digitalizada. Existen evidencias suficientes de la influencia negativa de la pantalla y su uso excesivo en el rendimiento escolar. Esto est\u00e1 generando una gran preocupaci\u00f3n en la comunidad educativa y un gran debate sobre el uso de las pantallas. \u00a0 Por tanto, los\u2026","rel":"","context":"Entrada similar","img":{"alt_text":"","src":"https:\/\/i0.wp.com\/mendillorri-mendigoiti.educacion.navarra.es\/web\/wp-content\/uploads\/2023\/09\/Captura-2.png?resize=350%2C200&ssl=1","width":350,"height":200},"classes":[]},{"id":5075,"url":"https:\/\/mendillorri-mendigoiti.educacion.navarra.es\/web\/es\/ecos-de-mendigoiti\/","url_meta":{"origin":4378,"position":2},"title":"Ecos de Mendigoiti","date":"31 de diciembre de 2020","format":false,"excerpt":"ROC\u00cdO NIEBLAMadrid -\u00a006\u00a0ABR\u00a02023 - 05:25\u00a0CEST DOSIER GRA\u00d3 ENERO 2023 CONSEJO ESCOLAR DE NAVARRA DICIEMBRE 2022 DUALIZA-TE 12 de diciembre de 2022 Mendigoiti ikastetxea\u00a0junto con el\u00a0CEIP Rosa dels Vents\u00a0de Mallorca y el\u00a0\u00a0CEIP Attilio Bruschetti\u00a0de\u00a0 X\u00e1tiva ha sido seleccionado por el\u00a0Ministerio de Educaci\u00f3n\u00a0para desarrollar un proyecto com\u00fan con el fin de promover\u00a0\u2026","rel":"","context":"Entrada similar","img":{"alt_text":"","src":"https:\/\/i0.wp.com\/mendillorri-mendigoiti.educacion.navarra.es\/web\/wp-content\/uploads\/2024\/01\/MATRIKULAZIO-AURKEZPENA_-PRESENTACION-MATRICULACION.jpg?resize=350%2C200&ssl=1","width":350,"height":200},"classes":[]},{"id":5755,"url":"https:\/\/mendillorri-mendigoiti.educacion.navarra.es\/web\/es\/programas-socioemocionales\/","url_meta":{"origin":4378,"position":3},"title":"Programas Socioemocionales","date":"1 de noviembre de 2022","format":false,"excerpt":"Los conocimientos aportados desde las ciencias del aprendizaje y la neuroeducaci\u00f3n, nos indican que el entrenamiento y desarrollo de las Funciones Ejecutivas (FE) y la autorregulaci\u00f3n emocional, son componentes clave tanto para el aprendizaje como para una vida en sociedad. Las investigaciones aportadas desde las neurociencias contemplativas por Richard J.\u2026","rel":"","context":"Entrada similar","img":{"alt_text":"","src":"https:\/\/i0.wp.com\/mendillorri-mendigoiti.educacion.navarra.es\/web\/wp-content\/uploads\/2022\/11\/Captura-de-pantalla-2022-11-01-a-las-16.15.50.png?resize=350%2C200&ssl=1","width":350,"height":200},"classes":[]},{"id":2534,"url":"https:\/\/mendillorri-mendigoiti.educacion.navarra.es\/web\/es\/consejo-escolar-elecciones-2017\/","url_meta":{"origin":4378,"position":4},"title":"CONSEJO ESCOLAR:  ELECCIONES 2024","date":"2 de noviembre de 2017","format":false,"excerpt":"08 - MODELO PRESENTACI\u00d3N CANDIDATURAS\u00a0 2024 Durante las pr\u00f3ximas semanas pondremos en marcha el proceso de elecciones para renovar la 2\u00aa mitad del Consejo Escolar de Mendigoiti. A continuaci\u00f3n, presentamos el calendario del proceso: 10 de octubre, realizamos en Secretar\u00eda el sorteo para formar la Junta Electoral, que est\u00e1 integrada\u2026","rel":"","context":"Entrada similar","img":{"alt_text":"","src":"https:\/\/i0.wp.com\/mendillorri-mendigoiti.educacion.navarra.es\/web\/wp-content\/uploads\/2024\/10\/HAUTAGAITZA.png?resize=350%2C200&ssl=1","width":350,"height":200},"classes":[]},{"id":687,"url":"https:\/\/mendillorri-mendigoiti.educacion.navarra.es\/web\/es\/huerta\/","url_meta":{"origin":4378,"position":5},"title":"Huerta escolar","date":"17 de noviembre de 2015","format":false,"excerpt":"Huerta: Verduras, de la huerta urbana del colegio al aula. Aunque nuestro colegio se encuentra en un entorno urbano, queremos acercarnos al mundo agr\u00edcola plantando y sembrando verduras en nuestra huerta urbana. Disponemos de las habituales macetas y de unas mesas de trabajo especiales y adem\u00e1s reutilizamos otros recipientes tambi\u00e9n.\u2026","rel":"","context":"Entrada similar","img":{"alt_text":"","src":"https:\/\/i0.wp.com\/mendillorri-mendigoiti.educacion.navarra.es\/web\/wp-content\/uploads\/2019\/09\/435829075_251066.jpg?resize=350%2C200","width":350,"height":200},"classes":[]}],"_links":{"self":[{"href":"https:\/\/mendillorri-mendigoiti.educacion.navarra.es\/web\/es\/wp-json\/wp\/v2\/pages\/4378"}],"collection":[{"href":"https:\/\/mendillorri-mendigoiti.educacion.navarra.es\/web\/es\/wp-json\/wp\/v2\/pages"}],"about":[{"href":"https:\/\/mendillorri-mendigoiti.educacion.navarra.es\/web\/es\/wp-json\/wp\/v2\/types\/page"}],"author":[{"embeddable":true,"href":"https:\/\/mendillorri-mendigoiti.educacion.navarra.es\/web\/es\/wp-json\/wp\/v2\/users\/1"}],"replies":[{"embeddable":true,"href":"https:\/\/mendillorri-mendigoiti.educacion.navarra.es\/web\/es\/wp-json\/wp\/v2\/comments?post=4378"}],"version-history":[{"count":7,"href":"https:\/\/mendillorri-mendigoiti.educacion.navarra.es\/web\/es\/wp-json\/wp\/v2\/pages\/4378\/revisions"}],"predecessor-version":[{"id":4401,"href":"https:\/\/mendillorri-mendigoiti.educacion.navarra.es\/web\/es\/wp-json\/wp\/v2\/pages\/4378\/revisions\/4401"}],"wp:attachment":[{"href":"https:\/\/mendillorri-mendigoiti.educacion.navarra.es\/web\/es\/wp-json\/wp\/v2\/media?parent=4378"}],"curies":[{"name":"wp","href":"https:\/\/api.w.org\/{rel}","templated":true}]}}