{"id":4363,"date":"2020-06-07T11:06:47","date_gmt":"2020-06-07T09:06:47","guid":{"rendered":"http:\/\/mendillorri-mendigoiti.educacion.navarra.es\/web\/?page_id=4363"},"modified":"2020-06-07T11:44:18","modified_gmt":"2020-06-07T09:44:18","slug":"docencia-compartida","status":"publish","type":"page","link":"https:\/\/mendillorri-mendigoiti.educacion.navarra.es\/web\/es\/docencia-compartida\/","title":{"rendered":"DOCENCIA COMPARTIDA: UNA ESTRATEGIA PARA LA INCLUSI\u00d3N EDUCATIVA"},"content":{"rendered":"\n<div class=\"wp-block-image\"><figure class=\"aligncenter size-large\"><img data-attachment-id=\"4368\" data-permalink=\"https:\/\/mendillorri-mendigoiti.educacion.navarra.es\/web\/es\/docencia-compartida\/docencia-compartida-1\/\" data-orig-file=\"https:\/\/i0.wp.com\/mendillorri-mendigoiti.educacion.navarra.es\/web\/wp-content\/uploads\/2020\/06\/docencia-compartida-1.jpg?fit=269%2C188&amp;ssl=1\" data-orig-size=\"269,188\" data-comments-opened=\"1\" data-image-meta=\"{&quot;aperture&quot;:&quot;0&quot;,&quot;credit&quot;:&quot;&quot;,&quot;camera&quot;:&quot;&quot;,&quot;caption&quot;:&quot;&quot;,&quot;created_timestamp&quot;:&quot;0&quot;,&quot;copyright&quot;:&quot;&quot;,&quot;focal_length&quot;:&quot;0&quot;,&quot;iso&quot;:&quot;0&quot;,&quot;shutter_speed&quot;:&quot;0&quot;,&quot;title&quot;:&quot;&quot;,&quot;orientation&quot;:&quot;0&quot;}\" data-image-title=\"docencia-compartida-1\" data-image-description=\"\" data-image-caption=\"\" data-medium-file=\"https:\/\/i0.wp.com\/mendillorri-mendigoiti.educacion.navarra.es\/web\/wp-content\/uploads\/2020\/06\/docencia-compartida-1.jpg?fit=269%2C188&amp;ssl=1\" data-large-file=\"https:\/\/i0.wp.com\/mendillorri-mendigoiti.educacion.navarra.es\/web\/wp-content\/uploads\/2020\/06\/docencia-compartida-1.jpg?fit=269%2C188&amp;ssl=1\" loading=\"lazy\" width=\"269\" height=\"188\" src=\"https:\/\/i0.wp.com\/mendillorri-mendigoiti.educacion.navarra.es\/web\/wp-content\/uploads\/2020\/06\/docencia-compartida-1.jpg?resize=269%2C188\" alt=\"\" class=\"wp-image-4368\" data-recalc-dims=\"1\"\/><figcaption>Mirada inclusiva<\/figcaption><\/figure><\/div>\n\n\n\n<p>Con la docencia compartida hay dos profesores\/as con el mismo grupo o en el mismo aula. Esta educaci\u00f3n inclusiva, atendiendo a la diversidad y fomentando la inclusi\u00f3n, adem\u00e1s de ofrecer un amplio abanico de posibilidades, facilita la aplicaci\u00f3n de t\u00e9cnicas que faciliten la inclusi\u00f3n educativa y la atenci\u00f3n a la diversidad.<\/p>\n\n\n\n<p>Bases: <\/p>\n\n\n\n<ul><li>Aprender y ense\u00f1ar juntos, cooperando y colaborando.<\/li><li>Compartiendo propuestas metodol\u00f3gicas.<\/li><li>Comunicaci\u00f3n, participaci\u00f3n, sentimientos\u2026 Promoviendo las din\u00e1micas adecuadas del aula.<\/li><li>Con estrecha coordinaci\u00f3n.<\/li><li>Haciendo trabajos conjuntos. Reflexi\u00f3n y coordinaci\u00f3n conjunta sobre la actividad educativa.<\/li><li>Reflexionando sobre la pr\u00e1ctica.<\/li><li>Asumiendo compromisos comunes.<\/li><li>Trabajar por la calidad y equidad de la educaci\u00f3n.<\/li><li>Evaluaci\u00f3n conjunta: criterios de evaluaci\u00f3n y r\u00fabrica.<\/li><\/ul>\n\n\n\n<p><\/p>\n\n\n\n<p><\/p>\n","protected":false},"excerpt":{"rendered":"<p>Con la docencia compartida hay dos profesores\/as con el mismo grupo o en el mismo aula. Esta educaci\u00f3n inclusiva, atendiendo a la diversidad y fomentando la inclusi\u00f3n, adem\u00e1s de ofrecer un amplio abanico de posibilidades, facilita la aplicaci\u00f3n de t\u00e9cnicas que faciliten la inclusi\u00f3n educativa y la atenci\u00f3n a la diversidad. Bases: Aprender y ense\u00f1ar &hellip; <\/p>\n<p><a class=\"more-link btn\" href=\"https:\/\/mendillorri-mendigoiti.educacion.navarra.es\/web\/es\/docencia-compartida\/\">Continue reading<\/a><\/p>\n","protected":false},"author":1,"featured_media":0,"parent":0,"menu_order":0,"comment_status":"closed","ping_status":"closed","template":"","meta":{"jetpack_post_was_ever_published":false},"jetpack_sharing_enabled":true,"jetpack_shortlink":"https:\/\/wp.me\/P87afU-18n","jetpack-related-posts":[{"id":5075,"url":"https:\/\/mendillorri-mendigoiti.educacion.navarra.es\/web\/es\/ecos-de-mendigoiti\/","url_meta":{"origin":4363,"position":0},"title":"Ecos de Mendigoiti","date":"31 de diciembre de 2020","format":false,"excerpt":"ROC\u00cdO NIEBLAMadrid -\u00a006\u00a0ABR\u00a02023 - 05:25\u00a0CEST DOSIER GRA\u00d3 ENERO 2023 CONSEJO ESCOLAR DE NAVARRA DICIEMBRE 2022 DUALIZA-TE 12 de diciembre de 2022 Mendigoiti ikastetxea\u00a0junto con el\u00a0CEIP Rosa dels Vents\u00a0de Mallorca y el\u00a0\u00a0CEIP Attilio Bruschetti\u00a0de\u00a0 X\u00e1tiva ha sido seleccionado por el\u00a0Ministerio de Educaci\u00f3n\u00a0para desarrollar un proyecto com\u00fan con el fin de promover\u00a0\u2026","rel":"","context":"Entrada similar","img":{"alt_text":"","src":"https:\/\/i0.wp.com\/mendillorri-mendigoiti.educacion.navarra.es\/web\/wp-content\/uploads\/2024\/01\/MATRIKULAZIO-AURKEZPENA_-PRESENTACION-MATRICULACION.jpg?resize=350%2C200&ssl=1","width":350,"height":200},"classes":[]},{"id":242,"url":"https:\/\/mendillorri-mendigoiti.educacion.navarra.es\/web\/es\/proyecto-tic\/","url_meta":{"origin":4363,"position":1},"title":"Plan digital de centro","date":"28 de mayo de 2014","format":false,"excerpt":"\u00a0 Hoy nuestra sociedad est\u00e1 a\u00fan m\u00e1s digitalizada. Existen evidencias suficientes de la influencia negativa de la pantalla y su uso excesivo en el rendimiento escolar. Esto est\u00e1 generando una gran preocupaci\u00f3n en la comunidad educativa y un gran debate sobre el uso de las pantallas. \u00a0 Por tanto, los\u2026","rel":"","context":"Entrada similar","img":{"alt_text":"","src":"https:\/\/i0.wp.com\/mendillorri-mendigoiti.educacion.navarra.es\/web\/wp-content\/uploads\/2023\/09\/Captura-2.png?resize=350%2C200&ssl=1","width":350,"height":200},"classes":[]},{"id":5755,"url":"https:\/\/mendillorri-mendigoiti.educacion.navarra.es\/web\/es\/programas-socioemocionales\/","url_meta":{"origin":4363,"position":2},"title":"Programas Socioemocionales","date":"1 de noviembre de 2022","format":false,"excerpt":"Los conocimientos aportados desde las ciencias del aprendizaje y la neuroeducaci\u00f3n, nos indican que el entrenamiento y desarrollo de las Funciones Ejecutivas (FE) y la autorregulaci\u00f3n emocional, son componentes clave tanto para el aprendizaje como para una vida en sociedad. Las investigaciones aportadas desde las neurociencias contemplativas por Richard J.\u2026","rel":"","context":"Entrada similar","img":{"alt_text":"","src":"https:\/\/i0.wp.com\/mendillorri-mendigoiti.educacion.navarra.es\/web\/wp-content\/uploads\/2022\/11\/Captura-de-pantalla-2022-11-01-a-las-16.15.50.png?resize=350%2C200&ssl=1","width":350,"height":200},"classes":[]},{"id":4378,"url":"https:\/\/mendillorri-mendigoiti.educacion.navarra.es\/web\/es\/aprendizaje-basado-en-proyectos\/","url_meta":{"origin":4363,"position":3},"title":"APRENDIZAJE BASADO EN PROYECTOS Y EL APRENDIZAJE COOPERATIVO: PROGRAMA AC\/CA","date":"7 de junio de 2020","format":false,"excerpt":"El\u00a0Aprendizaje Basado en Proyectos\u00a0(ABP) es una metodolog\u00eda activa, una modalidad de ense\u00f1anza y aprendizaje centrada en el ni\u00f1o y la ni\u00f1a; un proceso compartido entre los participantes, siendo su objetivo principal la obtenci\u00f3n de un producto final. Este m\u00e9todo promueve el aprendizaje cooperativo, grupal e individual y aut\u00f3nomo dentro de\u2026","rel":"","context":"Entrada similar","img":{"alt_text":"","src":"https:\/\/i0.wp.com\/mendillorri-mendigoiti.educacion.navarra.es\/web\/wp-content\/uploads\/2020\/06\/ER020115-Aurkezpena-2.bloke-guraso-bilera-1.jpg?resize=350%2C200&ssl=1","width":350,"height":200},"classes":[]},{"id":100,"url":"https:\/\/mendillorri-mendigoiti.educacion.navarra.es\/web\/es\/proyecto-educativo\/","url_meta":{"origin":4363,"position":4},"title":"Proyecto Educativo","date":"13 de enero de 2014","format":false,"excerpt":"Estas son nuestras se\u00f1as de identidad: Somos una escuela amable, respetuosa con la infancia que\u00a0 tiene como\u00a0 objetivo \u00a0 ayudar a las ni\u00f1as y ni\u00f1os a\u00a0 desarrollarse como personas maduras , descubrir mundos y\u00a0 horizontes que desconocen y desarrollar talentos propios. \u00a0\u00a0\u00a0Mendigoiti\u00a0 es una escuela comprometida con una educaci\u00f3n viva\u2026","rel":"","context":"Con 1 comentario","img":{"alt_text":"","src":"https:\/\/i0.wp.com\/mendillorri-mendigoiti.educacion.navarra.es\/web\/wp-content\/uploads\/2020\/12\/IMG_0195-rotated.jpeg?resize=350%2C200&ssl=1","width":350,"height":200},"classes":[]},{"id":687,"url":"https:\/\/mendillorri-mendigoiti.educacion.navarra.es\/web\/es\/huerta\/","url_meta":{"origin":4363,"position":5},"title":"Huerta escolar","date":"17 de noviembre de 2015","format":false,"excerpt":"Huerta: Verduras, de la huerta urbana del colegio al aula. Aunque nuestro colegio se encuentra en un entorno urbano, queremos acercarnos al mundo agr\u00edcola plantando y sembrando verduras en nuestra huerta urbana. Disponemos de las habituales macetas y de unas mesas de trabajo especiales y adem\u00e1s reutilizamos otros recipientes tambi\u00e9n.\u2026","rel":"","context":"Entrada similar","img":{"alt_text":"","src":"https:\/\/i0.wp.com\/mendillorri-mendigoiti.educacion.navarra.es\/web\/wp-content\/uploads\/2019\/09\/435829075_251066.jpg?resize=350%2C200","width":350,"height":200},"classes":[]}],"_links":{"self":[{"href":"https:\/\/mendillorri-mendigoiti.educacion.navarra.es\/web\/es\/wp-json\/wp\/v2\/pages\/4363"}],"collection":[{"href":"https:\/\/mendillorri-mendigoiti.educacion.navarra.es\/web\/es\/wp-json\/wp\/v2\/pages"}],"about":[{"href":"https:\/\/mendillorri-mendigoiti.educacion.navarra.es\/web\/es\/wp-json\/wp\/v2\/types\/page"}],"author":[{"embeddable":true,"href":"https:\/\/mendillorri-mendigoiti.educacion.navarra.es\/web\/es\/wp-json\/wp\/v2\/users\/1"}],"replies":[{"embeddable":true,"href":"https:\/\/mendillorri-mendigoiti.educacion.navarra.es\/web\/es\/wp-json\/wp\/v2\/comments?post=4363"}],"version-history":[{"count":5,"href":"https:\/\/mendillorri-mendigoiti.educacion.navarra.es\/web\/es\/wp-json\/wp\/v2\/pages\/4363\/revisions"}],"predecessor-version":[{"id":4377,"href":"https:\/\/mendillorri-mendigoiti.educacion.navarra.es\/web\/es\/wp-json\/wp\/v2\/pages\/4363\/revisions\/4377"}],"wp:attachment":[{"href":"https:\/\/mendillorri-mendigoiti.educacion.navarra.es\/web\/es\/wp-json\/wp\/v2\/media?parent=4363"}],"curies":[{"name":"wp","href":"https:\/\/api.w.org\/{rel}","templated":true}]}}