{"id":3892,"date":"2019-09-08T08:45:19","date_gmt":"2019-09-08T06:45:19","guid":{"rendered":"http:\/\/mendillorri-mendigoiti.educacion.navarra.es\/web\/?page_id=3892"},"modified":"2023-09-03T19:40:31","modified_gmt":"2023-09-03T17:40:31","slug":"disciplina-positiva-nuestro-modelo-educativo","status":"publish","type":"page","link":"https:\/\/mendillorri-mendigoiti.educacion.navarra.es\/web\/es\/disciplina-positiva-nuestro-modelo-educativo\/","title":{"rendered":"Disciplina Positiva: Nuestro modelo Educativo"},"content":{"rendered":"\n<div class=\"wp-block-image\"><figure class=\"aligncenter size-full is-resized\"><img data-attachment-id=\"6050\" data-permalink=\"https:\/\/mendillorri-mendigoiti.educacion.navarra.es\/web\/es\/disciplina-positiva-nuestro-modelo-educativo\/lab-school-compressor-750x824-3\/\" data-orig-file=\"https:\/\/i0.wp.com\/mendillorri-mendigoiti.educacion.navarra.es\/web\/wp-content\/uploads\/2023\/09\/Lab-School-compressor-750x824-3.png?fit=750%2C824&amp;ssl=1\" data-orig-size=\"750,824\" data-comments-opened=\"1\" data-image-meta=\"{&quot;aperture&quot;:&quot;0&quot;,&quot;credit&quot;:&quot;&quot;,&quot;camera&quot;:&quot;&quot;,&quot;caption&quot;:&quot;&quot;,&quot;created_timestamp&quot;:&quot;0&quot;,&quot;copyright&quot;:&quot;&quot;,&quot;focal_length&quot;:&quot;0&quot;,&quot;iso&quot;:&quot;0&quot;,&quot;shutter_speed&quot;:&quot;0&quot;,&quot;title&quot;:&quot;&quot;,&quot;orientation&quot;:&quot;0&quot;}\" data-image-title=\"Lab-School-compressor-750&#215;824-3\" data-image-description=\"\" data-image-caption=\"\" data-medium-file=\"https:\/\/i0.wp.com\/mendillorri-mendigoiti.educacion.navarra.es\/web\/wp-content\/uploads\/2023\/09\/Lab-School-compressor-750x824-3.png?fit=728%2C800&amp;ssl=1\" data-large-file=\"https:\/\/i0.wp.com\/mendillorri-mendigoiti.educacion.navarra.es\/web\/wp-content\/uploads\/2023\/09\/Lab-School-compressor-750x824-3.png?fit=750%2C824&amp;ssl=1\" loading=\"lazy\" src=\"https:\/\/i0.wp.com\/mendillorri-mendigoiti.educacion.navarra.es\/web\/wp-content\/uploads\/2023\/09\/Lab-School-compressor-750x824-3.png?resize=240%2C264&#038;ssl=1\" alt=\"\" class=\"wp-image-6050\" width=\"240\" height=\"264\" srcset=\"https:\/\/i0.wp.com\/mendillorri-mendigoiti.educacion.navarra.es\/web\/wp-content\/uploads\/2023\/09\/Lab-School-compressor-750x824-3.png?w=750&amp;ssl=1 750w, https:\/\/i0.wp.com\/mendillorri-mendigoiti.educacion.navarra.es\/web\/wp-content\/uploads\/2023\/09\/Lab-School-compressor-750x824-3.png?resize=728%2C800&amp;ssl=1 728w\" sizes=\"(max-width: 240px) 100vw, 240px\" data-recalc-dims=\"1\" \/><\/figure><\/div>\n\n\n\n<div class=\"wp-block-image\"><figure class=\"aligncenter\"><img loading=\"lazy\" width=\"638\" height=\"1600\" src=\"https:\/\/i1.wp.com\/mendillorri-mendigoiti.educacion.navarra.es\/web\/wp-content\/uploads\/2019\/09\/DIZIPLINA-POSITIBOA-1.jpeg?fit=408%2C1024\" alt=\"\" class=\"wp-image-3893\" srcset=\"https:\/\/i0.wp.com\/mendillorri-mendigoiti.educacion.navarra.es\/web\/wp-content\/uploads\/2019\/09\/DIZIPLINA-POSITIBOA-1.jpeg?w=638&amp;ssl=1 638w, https:\/\/i0.wp.com\/mendillorri-mendigoiti.educacion.navarra.es\/web\/wp-content\/uploads\/2019\/09\/DIZIPLINA-POSITIBOA-1.jpeg?resize=160%2C400&amp;ssl=1 160w, https:\/\/i0.wp.com\/mendillorri-mendigoiti.educacion.navarra.es\/web\/wp-content\/uploads\/2019\/09\/DIZIPLINA-POSITIBOA-1.jpeg?resize=408%2C1024&amp;ssl=1 408w\" sizes=\"(max-width: 638px) 100vw, 638px\" \/><\/figure><\/div>\n","protected":false},"excerpt":{"rendered":"","protected":false},"author":1,"featured_media":0,"parent":0,"menu_order":0,"comment_status":"closed","ping_status":"closed","template":"","meta":{"jetpack_post_was_ever_published":false},"jetpack_sharing_enabled":true,"jetpack_shortlink":"https:\/\/wp.me\/P87afU-10M","jetpack-related-posts":[{"id":100,"url":"https:\/\/mendillorri-mendigoiti.educacion.navarra.es\/web\/es\/proyecto-educativo\/","url_meta":{"origin":3892,"position":0},"title":"Proyecto Educativo","date":"13 de enero de 2014","format":false,"excerpt":"Estas son nuestras se\u00f1as de identidad: Somos una escuela amable, respetuosa con la infancia que\u00a0 tiene como\u00a0 objetivo \u00a0 ayudar a las ni\u00f1as y ni\u00f1os a\u00a0 desarrollarse como personas maduras , descubrir mundos y\u00a0 horizontes que desconocen y desarrollar talentos propios. \u00a0\u00a0\u00a0Mendigoiti\u00a0 es una escuela comprometida con una educaci\u00f3n viva\u2026","rel":"","context":"Con 1 comentario","img":{"alt_text":"","src":"https:\/\/i0.wp.com\/mendillorri-mendigoiti.educacion.navarra.es\/web\/wp-content\/uploads\/2020\/12\/IMG_0195-rotated.jpeg?resize=350%2C200&ssl=1","width":350,"height":200},"classes":[]},{"id":114,"url":"https:\/\/mendillorri-mendigoiti.educacion.navarra.es\/web\/es\/documentos\/","url_meta":{"origin":3892,"position":1},"title":"Documentos y consejos","date":"13 de enero de 2014","format":false,"excerpt":"ADMINISTRACI\u00d3N: Orden de domiciliaci\u00f3n de adeudo directo (SEPA) Descargar Ficha alumno\/alumna Descargar Impreso oficial Preinscripci\u00f3n 2021-2022 REUNIONES GENERALES AUTORIZACIONES: AUTORIZACI\u00d3N PARA SALIR DE LA ESCUELA SIN PERSONAS ADULTAS \u00a0Descargar AUTORIZACI\u00d3N SALIDAS ESCOLARES\u00a0Descargar AUTORIZACI\u00d3N PARA EL USO DE FOTOGRAF\u00cdAS E IM\u00c1GENES\u00a0Descargar \u00a0AUTORIZACI\u00d3N PARA CREACI\u00d3N CUENTA PNTE APPS \u00a0Descargar JUSTIFICANTE DE FALTAS\u2026","rel":"","context":"Con 1 comentario","img":{"alt_text":"","src":"https:\/\/i0.wp.com\/mendillorri-mendigoiti.educacion.navarra.es\/web\/wp-content\/uploads\/2024\/01\/carpeta-Mendigoiti-566x800-1-400x400.png?resize=350%2C200&ssl=1","width":350,"height":200},"classes":[]},{"id":687,"url":"https:\/\/mendillorri-mendigoiti.educacion.navarra.es\/web\/es\/huerta\/","url_meta":{"origin":3892,"position":2},"title":"Huerta escolar","date":"17 de noviembre de 2015","format":false,"excerpt":"Huerta: Verduras, de la huerta urbana del colegio al aula. Aunque nuestro colegio se encuentra en un entorno urbano, queremos acercarnos al mundo agr\u00edcola plantando y sembrando verduras en nuestra huerta urbana. Disponemos de las habituales macetas y de unas mesas de trabajo especiales y adem\u00e1s reutilizamos otros recipientes tambi\u00e9n.\u2026","rel":"","context":"Entrada similar","img":{"alt_text":"","src":"https:\/\/i0.wp.com\/mendillorri-mendigoiti.educacion.navarra.es\/web\/wp-content\/uploads\/2019\/09\/435829075_251066.jpg?resize=350%2C200","width":350,"height":200},"classes":[]},{"id":695,"url":"https:\/\/mendillorri-mendigoiti.educacion.navarra.es\/web\/es\/proyecto-linguistico\/","url_meta":{"origin":3892,"position":3},"title":"Proyecto ling\u00fc\u00edstico","date":"17 de noviembre de 2015","format":false,"excerpt":"Proyecto ling\u00fc\u00edstico: Formar personas pluriling\u00fces. En Mendigoiti el euskara es el eje del Proyecto Educativo y Ling\u00fc\u00edstico. Queremos formar personas pluriling\u00fces , personas que conocen y utilizan de manera funcional las lenguas. Queremos formar a nuestro alumnado para la sociedad global y pluriling\u00fce en la que vive. El Proyecto Ling\u00fc\u00edstico\u2026","rel":"","context":"Con 2 comentarios","img":{"alt_text":"","src":"https:\/\/i0.wp.com\/mendillorri-mendigoiti.educacion.navarra.es\/web\/wp-content\/uploads\/2020\/12\/IMG_0366-scaled-e1607756553560-400x400.jpeg?resize=350%2C200","width":350,"height":200},"classes":[]},{"id":5075,"url":"https:\/\/mendillorri-mendigoiti.educacion.navarra.es\/web\/es\/ecos-de-mendigoiti\/","url_meta":{"origin":3892,"position":4},"title":"Ecos de Mendigoiti","date":"31 de diciembre de 2020","format":false,"excerpt":"ROC\u00cdO NIEBLAMadrid -\u00a006\u00a0ABR\u00a02023 - 05:25\u00a0CEST DOSIER GRA\u00d3 ENERO 2023 CONSEJO ESCOLAR DE NAVARRA DICIEMBRE 2022 DUALIZA-TE 12 de diciembre de 2022 Mendigoiti ikastetxea\u00a0junto con el\u00a0CEIP Rosa dels Vents\u00a0de Mallorca y el\u00a0\u00a0CEIP Attilio Bruschetti\u00a0de\u00a0 X\u00e1tiva ha sido seleccionado por el\u00a0Ministerio de Educaci\u00f3n\u00a0para desarrollar un proyecto com\u00fan con el fin de promover\u00a0\u2026","rel":"","context":"Entrada similar","img":{"alt_text":"","src":"https:\/\/i0.wp.com\/mendillorri-mendigoiti.educacion.navarra.es\/web\/wp-content\/uploads\/2024\/01\/MATRIKULAZIO-AURKEZPENA_-PRESENTACION-MATRICULACION.jpg?resize=350%2C200&ssl=1","width":350,"height":200},"classes":[]},{"id":2534,"url":"https:\/\/mendillorri-mendigoiti.educacion.navarra.es\/web\/es\/consejo-escolar-elecciones-2017\/","url_meta":{"origin":3892,"position":5},"title":"CONSEJO ESCOLAR:  ELECCIONES 2024","date":"2 de noviembre de 2017","format":false,"excerpt":"08 - MODELO PRESENTACI\u00d3N CANDIDATURAS\u00a0 2024 Durante las pr\u00f3ximas semanas pondremos en marcha el proceso de elecciones para renovar la 2\u00aa mitad del Consejo Escolar de Mendigoiti. A continuaci\u00f3n, presentamos el calendario del proceso: 10 de octubre, realizamos en Secretar\u00eda el sorteo para formar la Junta Electoral, que est\u00e1 integrada\u2026","rel":"","context":"Entrada similar","img":{"alt_text":"","src":"https:\/\/i0.wp.com\/mendillorri-mendigoiti.educacion.navarra.es\/web\/wp-content\/uploads\/2024\/10\/HAUTAGAITZA.png?resize=350%2C200&ssl=1","width":350,"height":200},"classes":[]}],"_links":{"self":[{"href":"https:\/\/mendillorri-mendigoiti.educacion.navarra.es\/web\/es\/wp-json\/wp\/v2\/pages\/3892"}],"collection":[{"href":"https:\/\/mendillorri-mendigoiti.educacion.navarra.es\/web\/es\/wp-json\/wp\/v2\/pages"}],"about":[{"href":"https:\/\/mendillorri-mendigoiti.educacion.navarra.es\/web\/es\/wp-json\/wp\/v2\/types\/page"}],"author":[{"embeddable":true,"href":"https:\/\/mendillorri-mendigoiti.educacion.navarra.es\/web\/es\/wp-json\/wp\/v2\/users\/1"}],"replies":[{"embeddable":true,"href":"https:\/\/mendillorri-mendigoiti.educacion.navarra.es\/web\/es\/wp-json\/wp\/v2\/comments?post=3892"}],"version-history":[{"count":3,"href":"https:\/\/mendillorri-mendigoiti.educacion.navarra.es\/web\/es\/wp-json\/wp\/v2\/pages\/3892\/revisions"}],"predecessor-version":[{"id":6052,"href":"https:\/\/mendillorri-mendigoiti.educacion.navarra.es\/web\/es\/wp-json\/wp\/v2\/pages\/3892\/revisions\/6052"}],"wp:attachment":[{"href":"https:\/\/mendillorri-mendigoiti.educacion.navarra.es\/web\/es\/wp-json\/wp\/v2\/media?parent=3892"}],"curies":[{"name":"wp","href":"https:\/\/api.w.org\/{rel}","templated":true}]}}