{"id":2534,"date":"2017-11-02T23:23:31","date_gmt":"2017-11-02T22:23:31","guid":{"rendered":"http:\/\/mendillorri-mendigoiti.educacion.navarra.es\/web\/?page_id=2534"},"modified":"2025-01-17T13:32:24","modified_gmt":"2025-01-17T12:32:24","slug":"consejo-escolar-elecciones-2017","status":"publish","type":"page","link":"https:\/\/mendillorri-mendigoiti.educacion.navarra.es\/web\/es\/consejo-escolar-elecciones-2017\/","title":{"rendered":"CONSEJO ESCOLAR:  ELECCIONES 2024"},"content":{"rendered":"<p><i><span style=\"font-weight: 400;\"><a href=\"https:\/\/i0.wp.com\/mendillorri-mendigoiti.educacion.navarra.es\/web\/wp-content\/uploads\/2024\/10\/Consejo-Del-Dia-Inspiracional-Para-Instagram.png?ssl=1\"><img data-attachment-id=\"6757\" data-permalink=\"https:\/\/mendillorri-mendigoiti.educacion.navarra.es\/web\/es\/consejo-escolar-elecciones-2017\/consejo-del-dia-inspiracional-para-instagram-2\/\" data-orig-file=\"https:\/\/i0.wp.com\/mendillorri-mendigoiti.educacion.navarra.es\/web\/wp-content\/uploads\/2024\/10\/Consejo-Del-Dia-Inspiracional-Para-Instagram.png?fit=1080%2C1080&amp;ssl=1\" data-orig-size=\"1080,1080\" data-comments-opened=\"1\" data-image-meta=\"{&quot;aperture&quot;:&quot;0&quot;,&quot;credit&quot;:&quot;&quot;,&quot;camera&quot;:&quot;&quot;,&quot;caption&quot;:&quot;&quot;,&quot;created_timestamp&quot;:&quot;0&quot;,&quot;copyright&quot;:&quot;&quot;,&quot;focal_length&quot;:&quot;0&quot;,&quot;iso&quot;:&quot;0&quot;,&quot;shutter_speed&quot;:&quot;0&quot;,&quot;title&quot;:&quot;&quot;,&quot;orientation&quot;:&quot;0&quot;}\" data-image-title=\"Consejo Del D\u00eda Inspiracional Para Instagram\" data-image-description=\"\" data-image-caption=\"\" data-medium-file=\"https:\/\/i0.wp.com\/mendillorri-mendigoiti.educacion.navarra.es\/web\/wp-content\/uploads\/2024\/10\/Consejo-Del-Dia-Inspiracional-Para-Instagram.png?fit=800%2C800&amp;ssl=1\" data-large-file=\"https:\/\/i0.wp.com\/mendillorri-mendigoiti.educacion.navarra.es\/web\/wp-content\/uploads\/2024\/10\/Consejo-Del-Dia-Inspiracional-Para-Instagram.png?fit=890%2C890&amp;ssl=1\" loading=\"lazy\" class=\"aligncenter wp-image-6757 \" src=\"https:\/\/i0.wp.com\/mendillorri-mendigoiti.educacion.navarra.es\/web\/wp-content\/uploads\/2024\/10\/Consejo-Del-Dia-Inspiracional-Para-Instagram.png?resize=439%2C439&#038;ssl=1\" alt=\"\" width=\"439\" height=\"439\" srcset=\"https:\/\/i0.wp.com\/mendillorri-mendigoiti.educacion.navarra.es\/web\/wp-content\/uploads\/2024\/10\/Consejo-Del-Dia-Inspiracional-Para-Instagram.png?resize=800%2C800&amp;ssl=1 800w, https:\/\/i0.wp.com\/mendillorri-mendigoiti.educacion.navarra.es\/web\/wp-content\/uploads\/2024\/10\/Consejo-Del-Dia-Inspiracional-Para-Instagram.png?resize=400%2C400&amp;ssl=1 400w, https:\/\/i0.wp.com\/mendillorri-mendigoiti.educacion.navarra.es\/web\/wp-content\/uploads\/2024\/10\/Consejo-Del-Dia-Inspiracional-Para-Instagram.png?resize=768%2C768&amp;ssl=1 768w, https:\/\/i0.wp.com\/mendillorri-mendigoiti.educacion.navarra.es\/web\/wp-content\/uploads\/2024\/10\/Consejo-Del-Dia-Inspiracional-Para-Instagram.png?resize=890%2C890&amp;ssl=1 890w, https:\/\/i0.wp.com\/mendillorri-mendigoiti.educacion.navarra.es\/web\/wp-content\/uploads\/2024\/10\/Consejo-Del-Dia-Inspiracional-Para-Instagram.png?w=1080&amp;ssl=1 1080w\" sizes=\"(max-width: 439px) 100vw, 439px\" data-recalc-dims=\"1\" \/><\/a><a href=\"https:\/\/i0.wp.com\/mendillorri-mendigoiti.educacion.navarra.es\/web\/wp-content\/uploads\/2024\/10\/HAUTAGAITZA.png?ssl=1\" target=\"_blank\" rel=\"noopener noreferrer\"><img data-attachment-id=\"6770\" data-permalink=\"https:\/\/mendillorri-mendigoiti.educacion.navarra.es\/web\/es\/consejo-escolar-elecciones-2017\/hautagaitza\/\" data-orig-file=\"https:\/\/i0.wp.com\/mendillorri-mendigoiti.educacion.navarra.es\/web\/wp-content\/uploads\/2024\/10\/HAUTAGAITZA.png?fit=679%2C725&amp;ssl=1\" data-orig-size=\"679,725\" data-comments-opened=\"1\" data-image-meta=\"{&quot;aperture&quot;:&quot;0&quot;,&quot;credit&quot;:&quot;&quot;,&quot;camera&quot;:&quot;&quot;,&quot;caption&quot;:&quot;&quot;,&quot;created_timestamp&quot;:&quot;0&quot;,&quot;copyright&quot;:&quot;&quot;,&quot;focal_length&quot;:&quot;0&quot;,&quot;iso&quot;:&quot;0&quot;,&quot;shutter_speed&quot;:&quot;0&quot;,&quot;title&quot;:&quot;&quot;,&quot;orientation&quot;:&quot;0&quot;}\" data-image-title=\"HAUTAGAITZA\" data-image-description=\"\" data-image-caption=\"\" data-medium-file=\"https:\/\/i0.wp.com\/mendillorri-mendigoiti.educacion.navarra.es\/web\/wp-content\/uploads\/2024\/10\/HAUTAGAITZA.png?fit=679%2C725&amp;ssl=1\" data-large-file=\"https:\/\/i0.wp.com\/mendillorri-mendigoiti.educacion.navarra.es\/web\/wp-content\/uploads\/2024\/10\/HAUTAGAITZA.png?fit=679%2C725&amp;ssl=1\" loading=\"lazy\" class=\"aligncenter wp-image-6770 size-full\" src=\"https:\/\/i0.wp.com\/mendillorri-mendigoiti.educacion.navarra.es\/web\/wp-content\/uploads\/2024\/10\/HAUTAGAITZA.png?resize=679%2C725&#038;ssl=1\" alt=\"\" width=\"679\" height=\"725\"  data-recalc-dims=\"1\"><\/a><\/span><\/i><\/p>\n<p><a href=\"https:\/\/drive.google.com\/file\/d\/1WrMVJmsBnsx34zPx3DigeG9b667dkcbu\/view?usp=sharing\"><i><span style=\"font-weight: 400;\">08 &#8211; MODELO PRESENTACI\u00d3N CANDIDATURAS&nbsp; 2024<\/span><\/i><\/a><\/p>\n<ul>\n<li style=\"font-weight: 400;\">\n<ul>\n<li style=\"font-weight: 400;\"><i><span style=\"font-weight: 400;\">Durante las pr\u00f3ximas semanas pondremos en marcha el proceso de <\/span><\/i><b><i>elecciones para renovar la 2\u00aa mitad del Consejo Escolar de Mendigoiti<\/i><\/b><i><span style=\"font-weight: 400;\">. A continuaci\u00f3n, presentamos el calendario del proceso:<\/span><\/i>\n<ul>\n<li style=\"font-weight: 400;\" aria-level=\"1\"><b><i>10 de octubre<\/i><\/b><i><span style=\"font-weight: 400;\">, realizamos en Secretar\u00eda el sorteo para formar la Junta Electoral, que est\u00e1 integrada por una representante de las familias y otra del profesorado, adem\u00e1s de la Directora.<\/span><\/i><\/li>\n<\/ul>\n<ul>\n<li style=\"font-weight: 400;\" aria-level=\"1\"><b><i>21 de octubre<\/i><\/b><i><span style=\"font-weight: 400;\">, constituiremos la Junta Electoral del Centro que, a su vez, realizar\u00e1 el sorteo para la formaci\u00f3n de la Mesa Electoral,<\/span><\/i> <i><span style=\"font-weight: 400;\">utilizando los datos del censo de padres y madres del alumnado. Enviaremos notificaci\u00f3n por escrito a los miembros resultantes de la Mesa Electoral de las familias.<\/span><\/i><\/li>\n<\/ul>\n<p><i><span style=\"font-weight: 400;\">Podr\u00e9is consultar el censo electoral en Direcci\u00f3n o por tel\u00e9fono (948 160 250) de 9:00h a 13:00h.<\/span><\/i><\/p>\n<ul>\n<li style=\"font-weight: 400;\" aria-level=\"1\"><b><i>Del 21 al 31 de octubre<\/i><\/b><i><span style=\"font-weight: 400;\">, ambos inclusive, se abrir\u00e1 el plazo para la presentaci\u00f3n de candidaturas. Las personas que quieran ser candidatas deber\u00e1n presentar un escrito a la Junta Electoral junto a su firma y fotocopia del DNI. El modelo estar\u00e1 disponible en el tabl\u00f3n de la entrada principal, en Direcci\u00f3n y en la p\u00e1gina web del centro.<\/span><\/i><\/li>\n<\/ul>\n<ul>\n<li style=\"font-weight: 400;\" aria-level=\"1\"><b><i>El 18 de noviembre<\/i><\/b><i><span style=\"font-weight: 400;\"> se celebrar\u00e1n las elecciones (solo en caso de ser necesario por haber m\u00e1s candidaturas que plazas a cubrir). Las familias, tal y como hemos indicado, elegir\u00e1n a dos representantes para renovar los puestos de la 2\u00aa mitad. Estos\/as representantes ser\u00e1n miembros del Consejo Escolar hasta la celebraci\u00f3n de las elecciones del a\u00f1o 2028, en que se renovar\u00e1 de nuevo la 2\u00aa mitad.<\/span><\/i><\/li>\n<\/ul>\n<\/li>\n<\/ul>\n<\/li>\n<\/ul>\n<p style=\"text-align: center;\"><strong>ESKOLA KONTSEILUKO BEHIN BEHINEKO HAUTAGAIEN ZERRENDA <\/strong><\/p>\n<p style=\"text-align: center;\">LISTADO PROVISIONAL CANDIDATURAS CONSEJO ESCOLAR<\/p>\n\n\n<figure class=\"wp-block-image size-full\"><img data-attachment-id=\"6782\" data-permalink=\"https:\/\/mendillorri-mendigoiti.educacion.navarra.es\/web\/es\/consejo-escolar-elecciones-2017\/behin-betikoak\/\" data-orig-file=\"https:\/\/i0.wp.com\/mendillorri-mendigoiti.educacion.navarra.es\/web\/wp-content\/uploads\/2024\/11\/behin-betikoak.png?fit=719%2C524&amp;ssl=1\" data-orig-size=\"719,524\" data-comments-opened=\"1\" data-image-meta=\"{&quot;aperture&quot;:&quot;0&quot;,&quot;credit&quot;:&quot;&quot;,&quot;camera&quot;:&quot;&quot;,&quot;caption&quot;:&quot;&quot;,&quot;created_timestamp&quot;:&quot;0&quot;,&quot;copyright&quot;:&quot;&quot;,&quot;focal_length&quot;:&quot;0&quot;,&quot;iso&quot;:&quot;0&quot;,&quot;shutter_speed&quot;:&quot;0&quot;,&quot;title&quot;:&quot;&quot;,&quot;orientation&quot;:&quot;0&quot;}\" data-image-title=\"behin-betikoak\" data-image-description=\"\" data-image-caption=\"\" data-medium-file=\"https:\/\/i0.wp.com\/mendillorri-mendigoiti.educacion.navarra.es\/web\/wp-content\/uploads\/2024\/11\/behin-betikoak.png?fit=719%2C524&amp;ssl=1\" data-large-file=\"https:\/\/i0.wp.com\/mendillorri-mendigoiti.educacion.navarra.es\/web\/wp-content\/uploads\/2024\/11\/behin-betikoak.png?fit=719%2C524&amp;ssl=1\" loading=\"lazy\" width=\"719\" height=\"524\" src=\"https:\/\/i0.wp.com\/mendillorri-mendigoiti.educacion.navarra.es\/web\/wp-content\/uploads\/2024\/11\/behin-betikoak.png?resize=719%2C524&#038;ssl=1\" alt=\"\" class=\"wp-image-6782\" data-recalc-dims=\"1\"\/><\/figure>\n","protected":false},"excerpt":{"rendered":"<p>08 &#8211; MODELO PRESENTACI\u00d3N CANDIDATURAS&nbsp; 2024 Durante las pr\u00f3ximas semanas pondremos en marcha el proceso de elecciones para renovar la 2\u00aa mitad del Consejo Escolar de Mendigoiti. A continuaci\u00f3n, presentamos el calendario del proceso: 10 de octubre, realizamos en Secretar\u00eda el sorteo para formar la Junta Electoral, que est\u00e1 integrada por una representante de las &hellip; <\/p>\n<p><a class=\"more-link btn\" href=\"https:\/\/mendillorri-mendigoiti.educacion.navarra.es\/web\/es\/consejo-escolar-elecciones-2017\/\">Continue reading<\/a><\/p>\n","protected":false},"author":1,"featured_media":0,"parent":0,"menu_order":0,"comment_status":"closed","ping_status":"closed","template":"","meta":{"jetpack_post_was_ever_published":false},"jetpack_sharing_enabled":true,"jetpack_shortlink":"https:\/\/wp.me\/P87afU-ES","jetpack-related-posts":[{"id":687,"url":"https:\/\/mendillorri-mendigoiti.educacion.navarra.es\/web\/es\/huerta\/","url_meta":{"origin":2534,"position":0},"title":"Huerta escolar","date":"17 de noviembre de 2015","format":false,"excerpt":"Huerta: Verduras, de la huerta urbana del colegio al aula. Aunque nuestro colegio se encuentra en un entorno urbano, queremos acercarnos al mundo agr\u00edcola plantando y sembrando verduras en nuestra huerta urbana. Disponemos de las habituales macetas y de unas mesas de trabajo especiales y adem\u00e1s reutilizamos otros recipientes tambi\u00e9n.\u2026","rel":"","context":"Entrada similar","img":{"alt_text":"","src":"https:\/\/i0.wp.com\/mendillorri-mendigoiti.educacion.navarra.es\/web\/wp-content\/uploads\/2019\/09\/435829075_251066.jpg?resize=350%2C200","width":350,"height":200},"classes":[]},{"id":5075,"url":"https:\/\/mendillorri-mendigoiti.educacion.navarra.es\/web\/es\/ecos-de-mendigoiti\/","url_meta":{"origin":2534,"position":1},"title":"Ecos de Mendigoiti","date":"31 de diciembre de 2020","format":false,"excerpt":"ROC\u00cdO NIEBLAMadrid -\u00a006\u00a0ABR\u00a02023 - 05:25\u00a0CEST DOSIER GRA\u00d3 ENERO 2023 CONSEJO ESCOLAR DE NAVARRA DICIEMBRE 2022 DUALIZA-TE 12 de diciembre de 2022 Mendigoiti ikastetxea\u00a0junto con el\u00a0CEIP Rosa dels Vents\u00a0de Mallorca y el\u00a0\u00a0CEIP Attilio Bruschetti\u00a0de\u00a0 X\u00e1tiva ha sido seleccionado por el\u00a0Ministerio de Educaci\u00f3n\u00a0para desarrollar un proyecto com\u00fan con el fin de promover\u00a0\u2026","rel":"","context":"Entrada similar","img":{"alt_text":"","src":"https:\/\/i0.wp.com\/mendillorri-mendigoiti.educacion.navarra.es\/web\/wp-content\/uploads\/2024\/01\/MATRIKULAZIO-AURKEZPENA_-PRESENTACION-MATRICULACION.jpg?resize=350%2C200&ssl=1","width":350,"height":200},"classes":[]},{"id":3892,"url":"https:\/\/mendillorri-mendigoiti.educacion.navarra.es\/web\/es\/disciplina-positiva-nuestro-modelo-educativo\/","url_meta":{"origin":2534,"position":2},"title":"Disciplina Positiva: Nuestro modelo Educativo","date":"8 de septiembre de 2019","format":false,"excerpt":"","rel":"","context":"Entrada similar","img":{"alt_text":"","src":"https:\/\/i0.wp.com\/mendillorri-mendigoiti.educacion.navarra.es\/web\/wp-content\/uploads\/2023\/09\/Lab-School-compressor-750x824-3.png?resize=350%2C200&ssl=1","width":350,"height":200},"classes":[]},{"id":242,"url":"https:\/\/mendillorri-mendigoiti.educacion.navarra.es\/web\/es\/proyecto-tic\/","url_meta":{"origin":2534,"position":3},"title":"Plan digital de centro","date":"28 de mayo de 2014","format":false,"excerpt":"\u00a0 Hoy nuestra sociedad est\u00e1 a\u00fan m\u00e1s digitalizada. Existen evidencias suficientes de la influencia negativa de la pantalla y su uso excesivo en el rendimiento escolar. Esto est\u00e1 generando una gran preocupaci\u00f3n en la comunidad educativa y un gran debate sobre el uso de las pantallas. \u00a0 Por tanto, los\u2026","rel":"","context":"Entrada similar","img":{"alt_text":"","src":"https:\/\/i0.wp.com\/mendillorri-mendigoiti.educacion.navarra.es\/web\/wp-content\/uploads\/2023\/09\/Captura-2.png?resize=350%2C200&ssl=1","width":350,"height":200},"classes":[]},{"id":272,"url":"https:\/\/mendillorri-mendigoiti.educacion.navarra.es\/web\/es\/calendario-escolar\/","url_meta":{"origin":2534,"position":4},"title":"Calendario escolar","date":"28 de mayo de 2014","format":false,"excerpt":"","rel":"","context":"Entrada similar","img":{"alt_text":"","src":"https:\/\/i0.wp.com\/mendillorri-mendigoiti.educacion.navarra.es\/web\/wp-content\/uploads\/2025\/09\/Egutegia-2025-2026-Mendigoiti-1-1.jpg?resize=350%2C200&ssl=1","width":350,"height":200},"classes":[]},{"id":100,"url":"https:\/\/mendillorri-mendigoiti.educacion.navarra.es\/web\/es\/proyecto-educativo\/","url_meta":{"origin":2534,"position":5},"title":"Proyecto Educativo","date":"13 de enero de 2014","format":false,"excerpt":"Estas son nuestras se\u00f1as de identidad: Somos una escuela amable, respetuosa con la infancia que\u00a0 tiene como\u00a0 objetivo \u00a0 ayudar a las ni\u00f1as y ni\u00f1os a\u00a0 desarrollarse como personas maduras , descubrir mundos y\u00a0 horizontes que desconocen y desarrollar talentos propios. \u00a0\u00a0\u00a0Mendigoiti\u00a0 es una escuela comprometida con una educaci\u00f3n viva\u2026","rel":"","context":"Con 1 comentario","img":{"alt_text":"","src":"https:\/\/i0.wp.com\/mendillorri-mendigoiti.educacion.navarra.es\/web\/wp-content\/uploads\/2020\/12\/IMG_0195-rotated.jpeg?resize=350%2C200&ssl=1","width":350,"height":200},"classes":[]}],"_links":{"self":[{"href":"https:\/\/mendillorri-mendigoiti.educacion.navarra.es\/web\/es\/wp-json\/wp\/v2\/pages\/2534"}],"collection":[{"href":"https:\/\/mendillorri-mendigoiti.educacion.navarra.es\/web\/es\/wp-json\/wp\/v2\/pages"}],"about":[{"href":"https:\/\/mendillorri-mendigoiti.educacion.navarra.es\/web\/es\/wp-json\/wp\/v2\/types\/page"}],"author":[{"embeddable":true,"href":"https:\/\/mendillorri-mendigoiti.educacion.navarra.es\/web\/es\/wp-json\/wp\/v2\/users\/1"}],"replies":[{"embeddable":true,"href":"https:\/\/mendillorri-mendigoiti.educacion.navarra.es\/web\/es\/wp-json\/wp\/v2\/comments?post=2534"}],"version-history":[{"count":29,"href":"https:\/\/mendillorri-mendigoiti.educacion.navarra.es\/web\/es\/wp-json\/wp\/v2\/pages\/2534\/revisions"}],"predecessor-version":[{"id":6784,"href":"https:\/\/mendillorri-mendigoiti.educacion.navarra.es\/web\/es\/wp-json\/wp\/v2\/pages\/2534\/revisions\/6784"}],"wp:attachment":[{"href":"https:\/\/mendillorri-mendigoiti.educacion.navarra.es\/web\/es\/wp-json\/wp\/v2\/media?parent=2534"}],"curies":[{"name":"wp","href":"https:\/\/api.w.org\/{rel}","templated":true}]}}