{"id":114,"date":"2014-01-13T11:24:25","date_gmt":"2014-01-13T10:24:25","guid":{"rendered":"http:\/\/mendillorri-mendigoiti.educacion.navarra.es\/web\/?page_id=114"},"modified":"2024-01-19T13:45:22","modified_gmt":"2024-01-19T12:45:22","slug":"documentos","status":"publish","type":"page","link":"https:\/\/mendillorri-mendigoiti.educacion.navarra.es\/web\/es\/documentos\/","title":{"rendered":"Documentos y consejos"},"content":{"rendered":"<p><a href=\"https:\/\/i0.wp.com\/mendillorri-mendigoiti.educacion.navarra.es\/web\/wp-content\/uploads\/2024\/01\/carpeta-Mendigoiti-566x800-1-400x400.png?ssl=1\"><img data-attachment-id=\"6610\" data-permalink=\"https:\/\/mendillorri-mendigoiti.educacion.navarra.es\/web\/es\/documentos\/carpeta-mendigoiti-566x800-2\/\" data-orig-file=\"https:\/\/i0.wp.com\/mendillorri-mendigoiti.educacion.navarra.es\/web\/wp-content\/uploads\/2024\/01\/carpeta-Mendigoiti-566x800-1.png?fit=566%2C800&amp;ssl=1\" data-orig-size=\"566,800\" data-comments-opened=\"1\" data-image-meta=\"{&quot;aperture&quot;:&quot;0&quot;,&quot;credit&quot;:&quot;&quot;,&quot;camera&quot;:&quot;&quot;,&quot;caption&quot;:&quot;&quot;,&quot;created_timestamp&quot;:&quot;0&quot;,&quot;copyright&quot;:&quot;&quot;,&quot;focal_length&quot;:&quot;0&quot;,&quot;iso&quot;:&quot;0&quot;,&quot;shutter_speed&quot;:&quot;0&quot;,&quot;title&quot;:&quot;&quot;,&quot;orientation&quot;:&quot;0&quot;}\" data-image-title=\"carpeta-Mendigoiti-566&#215;800\" data-image-description=\"\" data-image-caption=\"\" data-medium-file=\"https:\/\/i0.wp.com\/mendillorri-mendigoiti.educacion.navarra.es\/web\/wp-content\/uploads\/2024\/01\/carpeta-Mendigoiti-566x800-1.png?fit=566%2C800&amp;ssl=1\" data-large-file=\"https:\/\/i0.wp.com\/mendillorri-mendigoiti.educacion.navarra.es\/web\/wp-content\/uploads\/2024\/01\/carpeta-Mendigoiti-566x800-1.png?fit=566%2C800&amp;ssl=1\" loading=\"lazy\" class=\"wp-image-6610  alignleft\" src=\"https:\/\/i0.wp.com\/mendillorri-mendigoiti.educacion.navarra.es\/web\/wp-content\/uploads\/2024\/01\/carpeta-Mendigoiti-566x800-1.png?resize=556%2C556&#038;ssl=1\" alt=\"\" width=\"556\" height=\"556\" data-recalc-dims=\"1\" \/><\/a><\/p>\n<p>ADMINISTRACI\u00d3N:<\/p>\n<ul>\n<li><i><span style=\"font-weight: 400;\">Orden de domiciliaci\u00f3n de adeudo directo <\/span><\/i>(SEPA<b>)<a href=\"https:\/\/docs.google.com\/document\/d\/1CtF4TSU94NUOvqck77kaYIOndQ8S5cvxiOjXbUT5tOo\/edit?usp=sharing\" target=\"_blank\" rel=\"noopener\"> Descargar<\/a><\/b><\/li>\n<li>Ficha alumno\/alumna<a href=\"https:\/\/drive.google.com\/file\/d\/1UFjyuNU4nJL1bXcf1IlGyS1iFTsVgRYH\/view?usp=sharing\" target=\"_blank\" rel=\"noopener\"> Descargar<\/a><\/li>\n<li><a href=\"https:\/\/drive.google.com\/file\/d\/1NUKq35UKESO-epPBc98-cg4BdIhlmIv5\/view?usp=sharing\" target=\"_blank\" rel=\"noreferrer noopener\" data-rich-text-format-boundary=\"true\">Impreso oficial Preinscripci\u00f3n 2021-2022<\/a><\/li>\n<\/ul>\n<p><a href=\"https:\/\/docs.google.com\/document\/d\/1akVpulms_Kq4bUMhD03Q9yNB-YTkfnuWFVdp1ewE8Fk\/edit?usp=sharing\">REUNIONES GENERALES<\/a><\/p>\n<p>AUTORIZACIONES:<\/p>\n<ul>\n<li>AUTORIZACI\u00d3N PARA SALIR DE LA ESCUELA SIN PERSONAS ADULTAS \u00a0<a href=\"https:\/\/drive.google.com\/file\/d\/1ZMPUa4Fi0RXuIj40YJo4kle9YQETT4uE\/view?usp=sharing\" target=\"_blank\" rel=\"noopener noreferrer\">Descargar<\/a><\/li>\n<li>AUTORIZACI\u00d3N SALIDAS ESCOLARES<a href=\"https:\/\/drive.google.com\/file\/d\/1a49i14tuyob6cGI0llQQlhMTjrSh5K6N\/view?usp=sharing\" target=\"_blank\" rel=\"noopener noreferrer\">\u00a0Descargar<\/a><\/li>\n<li>AUTORIZACI\u00d3N PARA EL USO DE FOTOGRAF\u00cdAS E IM\u00c1GENES\u00a0<a href=\"https:\/\/drive.google.com\/file\/d\/1o3c-LPmy8lwuwYge_t2StgdnsKWitpgB\/view?usp=sharing\">Descargar<\/a><\/li>\n<li>\u00a0AUTORIZACI\u00d3N PARA CREACI\u00d3N CUENTA PNTE APPS <a href=\"https:\/\/drive.google.com\/file\/d\/1_2cFjzszXK0Ts3biBtxrHmrd-1_cYg23\/view?usp=sharing\" target=\"_blank\" rel=\"noopener noreferrer\">\u00a0Descargar<\/a><\/li>\n<li>JUSTIFICANTE DE FALTAS DE ASISTENCIA <a href=\"https:\/\/docs.google.com\/document\/d\/17T_uFhdvYo-ICa8NWfbgJ3kwKNxbb29o\/edit?usp=sharing&amp;ouid=108588701665362021016&amp;rtpof=true&amp;sd=true\">Descargar<\/a><\/li>\n<\/ul>\n<p>\u00a0<\/p>\n<ul>\n<li><a href=\"https:\/\/drive.google.com\/file\/d\/1ryNez6-sgliO_nfmTcKCGcgP-_B5Y49o\/view?usp=sharing\">ESCUELA Y FAMILIAS, UN MISMO HORIZONTE<\/a><\/li>\n<li>ESCUELA E IDIOMAS&#8230;<a href=\"https:\/\/eranafarroa.eus\/urrian-ii-era-eskola-gurasoentzako-trebakuntza-online\/\" target=\"_blank\" rel=\"noopener noreferrer\"> Ver<\/a><\/li>\n<li><a href=\"https:\/\/app.box.com\/s\/xqbogchbivfonfqsha2n\">C\u00d3MO EDUCAR EN POSITIVO<\/a><\/li>\n<li><a href=\"https:\/\/www.youtube.com\/watch?v=aBdyQgHFnnQ\">DISCIPLINA POSITIVA<\/a><\/li>\n<li><a href=\"http:\/\/www.amabizia.asociacionespamplona.es\/files\/23-7405-document\/como_hablar_para_que_los_ninos_escuchen.pdf?go=3d7fa7fcaa728fb822ea953b7ad8fe572754e9e6e912430575ee53cb3e9860bfa5b4dc1a85c8a18a0abb7149132897ce8d58c8d349655ee7\">C\u00d3MO HABLAR PARA QUE LOS NI\u00d1OS ESCUCHEN Y C\u00d3MO ESCUCHAR PARA QUE LOS NI\u00d1OS HABLEN.<\/a><\/li>\n<\/ul>\n\n\n<p><\/p>\n","protected":false},"excerpt":{"rendered":"<p>ADMINISTRACI\u00d3N: Orden de domiciliaci\u00f3n de adeudo directo (SEPA) Descargar Ficha alumno\/alumna Descargar Impreso oficial Preinscripci\u00f3n 2021-2022 REUNIONES GENERALES AUTORIZACIONES: AUTORIZACI\u00d3N PARA SALIR DE LA ESCUELA SIN PERSONAS ADULTAS \u00a0Descargar AUTORIZACI\u00d3N SALIDAS ESCOLARES\u00a0Descargar AUTORIZACI\u00d3N PARA EL USO DE FOTOGRAF\u00cdAS E IM\u00c1GENES\u00a0Descargar \u00a0AUTORIZACI\u00d3N PARA CREACI\u00d3N CUENTA PNTE APPS \u00a0Descargar JUSTIFICANTE DE FALTAS DE ASISTENCIA Descargar \u00a0 ESCUELA &hellip; <\/p>\n<p><a class=\"more-link btn\" href=\"https:\/\/mendillorri-mendigoiti.educacion.navarra.es\/web\/es\/documentos\/\">Continue reading<\/a><\/p>\n","protected":false},"author":1,"featured_media":0,"parent":0,"menu_order":0,"comment_status":"open","ping_status":"open","template":"","meta":{"jetpack_post_was_ever_published":false},"jetpack_sharing_enabled":true,"jetpack_shortlink":"https:\/\/wp.me\/P87afU-1Q","jetpack-related-posts":[{"id":5075,"url":"https:\/\/mendillorri-mendigoiti.educacion.navarra.es\/web\/es\/ecos-de-mendigoiti\/","url_meta":{"origin":114,"position":0},"title":"Ecos de Mendigoiti","date":"31 de diciembre de 2020","format":false,"excerpt":"ROC\u00cdO NIEBLAMadrid -\u00a006\u00a0ABR\u00a02023 - 05:25\u00a0CEST DOSIER GRA\u00d3 ENERO 2023 CONSEJO ESCOLAR DE NAVARRA DICIEMBRE 2022 DUALIZA-TE 12 de diciembre de 2022 Mendigoiti ikastetxea\u00a0junto con el\u00a0CEIP Rosa dels Vents\u00a0de Mallorca y el\u00a0\u00a0CEIP Attilio Bruschetti\u00a0de\u00a0 X\u00e1tiva ha sido seleccionado por el\u00a0Ministerio de Educaci\u00f3n\u00a0para desarrollar un proyecto com\u00fan con el fin de promover\u00a0\u2026","rel":"","context":"Entrada similar","img":{"alt_text":"","src":"https:\/\/i0.wp.com\/mendillorri-mendigoiti.educacion.navarra.es\/web\/wp-content\/uploads\/2024\/01\/MATRIKULAZIO-AURKEZPENA_-PRESENTACION-MATRICULACION.jpg?resize=350%2C200&ssl=1","width":350,"height":200},"classes":[]},{"id":5755,"url":"https:\/\/mendillorri-mendigoiti.educacion.navarra.es\/web\/es\/programas-socioemocionales\/","url_meta":{"origin":114,"position":1},"title":"Programas Socioemocionales","date":"1 de noviembre de 2022","format":false,"excerpt":"Los conocimientos aportados desde las ciencias del aprendizaje y la neuroeducaci\u00f3n, nos indican que el entrenamiento y desarrollo de las Funciones Ejecutivas (FE) y la autorregulaci\u00f3n emocional, son componentes clave tanto para el aprendizaje como para una vida en sociedad. Las investigaciones aportadas desde las neurociencias contemplativas por Richard J.\u2026","rel":"","context":"Entrada similar","img":{"alt_text":"","src":"https:\/\/i0.wp.com\/mendillorri-mendigoiti.educacion.navarra.es\/web\/wp-content\/uploads\/2022\/11\/Captura-de-pantalla-2022-11-01-a-las-16.15.50.png?resize=350%2C200&ssl=1","width":350,"height":200},"classes":[]},{"id":2534,"url":"https:\/\/mendillorri-mendigoiti.educacion.navarra.es\/web\/es\/consejo-escolar-elecciones-2017\/","url_meta":{"origin":114,"position":2},"title":"CONSEJO ESCOLAR:  ELECCIONES 2024","date":"2 de noviembre de 2017","format":false,"excerpt":"08 - MODELO PRESENTACI\u00d3N CANDIDATURAS\u00a0 2024 Durante las pr\u00f3ximas semanas pondremos en marcha el proceso de elecciones para renovar la 2\u00aa mitad del Consejo Escolar de Mendigoiti. A continuaci\u00f3n, presentamos el calendario del proceso: 10 de octubre, realizamos en Secretar\u00eda el sorteo para formar la Junta Electoral, que est\u00e1 integrada\u2026","rel":"","context":"Entrada similar","img":{"alt_text":"","src":"https:\/\/i0.wp.com\/mendillorri-mendigoiti.educacion.navarra.es\/web\/wp-content\/uploads\/2024\/10\/HAUTAGAITZA.png?resize=350%2C200&ssl=1","width":350,"height":200},"classes":[]},{"id":242,"url":"https:\/\/mendillorri-mendigoiti.educacion.navarra.es\/web\/es\/proyecto-tic\/","url_meta":{"origin":114,"position":3},"title":"Plan digital de centro","date":"28 de mayo de 2014","format":false,"excerpt":"\u00a0 Hoy nuestra sociedad est\u00e1 a\u00fan m\u00e1s digitalizada. Existen evidencias suficientes de la influencia negativa de la pantalla y su uso excesivo en el rendimiento escolar. Esto est\u00e1 generando una gran preocupaci\u00f3n en la comunidad educativa y un gran debate sobre el uso de las pantallas. \u00a0 Por tanto, los\u2026","rel":"","context":"Entrada similar","img":{"alt_text":"","src":"https:\/\/i0.wp.com\/mendillorri-mendigoiti.educacion.navarra.es\/web\/wp-content\/uploads\/2023\/09\/Captura-2.png?resize=350%2C200&ssl=1","width":350,"height":200},"classes":[]},{"id":687,"url":"https:\/\/mendillorri-mendigoiti.educacion.navarra.es\/web\/es\/huerta\/","url_meta":{"origin":114,"position":4},"title":"Huerta escolar","date":"17 de noviembre de 2015","format":false,"excerpt":"Huerta: Verduras, de la huerta urbana del colegio al aula. Aunque nuestro colegio se encuentra en un entorno urbano, queremos acercarnos al mundo agr\u00edcola plantando y sembrando verduras en nuestra huerta urbana. Disponemos de las habituales macetas y de unas mesas de trabajo especiales y adem\u00e1s reutilizamos otros recipientes tambi\u00e9n.\u2026","rel":"","context":"Entrada similar","img":{"alt_text":"","src":"https:\/\/i0.wp.com\/mendillorri-mendigoiti.educacion.navarra.es\/web\/wp-content\/uploads\/2019\/09\/435829075_251066.jpg?resize=350%2C200","width":350,"height":200},"classes":[]},{"id":100,"url":"https:\/\/mendillorri-mendigoiti.educacion.navarra.es\/web\/es\/proyecto-educativo\/","url_meta":{"origin":114,"position":5},"title":"Proyecto Educativo","date":"13 de enero de 2014","format":false,"excerpt":"Estas son nuestras se\u00f1as de identidad: Somos una escuela amable, respetuosa con la infancia que\u00a0 tiene como\u00a0 objetivo \u00a0 ayudar a las ni\u00f1as y ni\u00f1os a\u00a0 desarrollarse como personas maduras , descubrir mundos y\u00a0 horizontes que desconocen y desarrollar talentos propios. \u00a0\u00a0\u00a0Mendigoiti\u00a0 es una escuela comprometida con una educaci\u00f3n viva\u2026","rel":"","context":"Con 1 comentario","img":{"alt_text":"","src":"https:\/\/i0.wp.com\/mendillorri-mendigoiti.educacion.navarra.es\/web\/wp-content\/uploads\/2020\/12\/IMG_0195-rotated.jpeg?resize=350%2C200&ssl=1","width":350,"height":200},"classes":[]}],"_links":{"self":[{"href":"https:\/\/mendillorri-mendigoiti.educacion.navarra.es\/web\/es\/wp-json\/wp\/v2\/pages\/114"}],"collection":[{"href":"https:\/\/mendillorri-mendigoiti.educacion.navarra.es\/web\/es\/wp-json\/wp\/v2\/pages"}],"about":[{"href":"https:\/\/mendillorri-mendigoiti.educacion.navarra.es\/web\/es\/wp-json\/wp\/v2\/types\/page"}],"author":[{"embeddable":true,"href":"https:\/\/mendillorri-mendigoiti.educacion.navarra.es\/web\/es\/wp-json\/wp\/v2\/users\/1"}],"replies":[{"embeddable":true,"href":"https:\/\/mendillorri-mendigoiti.educacion.navarra.es\/web\/es\/wp-json\/wp\/v2\/comments?post=114"}],"version-history":[{"count":40,"href":"https:\/\/mendillorri-mendigoiti.educacion.navarra.es\/web\/es\/wp-json\/wp\/v2\/pages\/114\/revisions"}],"predecessor-version":[{"id":6616,"href":"https:\/\/mendillorri-mendigoiti.educacion.navarra.es\/web\/es\/wp-json\/wp\/v2\/pages\/114\/revisions\/6616"}],"wp:attachment":[{"href":"https:\/\/mendillorri-mendigoiti.educacion.navarra.es\/web\/es\/wp-json\/wp\/v2\/media?parent=114"}],"curies":[{"name":"wp","href":"https:\/\/api.w.org\/{rel}","templated":true}]}}