{"id":100,"date":"2014-01-13T11:17:19","date_gmt":"2014-01-13T10:17:19","guid":{"rendered":"http:\/\/mendillorri-mendigoiti.educacion.navarra.es\/web\/?page_id=100"},"modified":"2020-12-12T07:50:58","modified_gmt":"2020-12-12T06:50:58","slug":"proyecto-educativo","status":"publish","type":"page","link":"https:\/\/mendillorri-mendigoiti.educacion.navarra.es\/web\/es\/proyecto-educativo\/","title":{"rendered":"Proyecto Educativo"},"content":{"rendered":"\n<div class=\"wp-block-image is-style-rounded\"><figure class=\"alignright size-medium is-resized\"><a href=\"https:\/\/i0.wp.com\/mendillorri-mendigoiti.educacion.navarra.es\/web\/wp-content\/uploads\/2019\/09\/IMG_20190509_191525_388-5.jpg\"><img data-attachment-id=\"4589\" data-permalink=\"https:\/\/mendillorri-mendigoiti.educacion.navarra.es\/web\/es\/proyecto-educativo\/img_0195-2\/\" data-orig-file=\"https:\/\/i0.wp.com\/mendillorri-mendigoiti.educacion.navarra.es\/web\/wp-content\/uploads\/2020\/12\/IMG_0195-rotated.jpeg?fit=2016%2C1512&amp;ssl=1\" data-orig-size=\"2016,1512\" data-comments-opened=\"1\" data-image-meta=\"{&quot;aperture&quot;:&quot;1.6&quot;,&quot;credit&quot;:&quot;&quot;,&quot;camera&quot;:&quot;iPhone 12&quot;,&quot;caption&quot;:&quot;&quot;,&quot;created_timestamp&quot;:&quot;1607082744&quot;,&quot;copyright&quot;:&quot;&quot;,&quot;focal_length&quot;:&quot;4.2&quot;,&quot;iso&quot;:&quot;80&quot;,&quot;shutter_speed&quot;:&quot;0.01&quot;,&quot;title&quot;:&quot;&quot;,&quot;orientation&quot;:&quot;1&quot;}\" data-image-title=\"IMG_0195\" data-image-description=\"\" data-image-caption=\"\" data-medium-file=\"https:\/\/i0.wp.com\/mendillorri-mendigoiti.educacion.navarra.es\/web\/wp-content\/uploads\/2020\/12\/IMG_0195-rotated.jpeg?fit=800%2C600&amp;ssl=1\" data-large-file=\"https:\/\/i0.wp.com\/mendillorri-mendigoiti.educacion.navarra.es\/web\/wp-content\/uploads\/2020\/12\/IMG_0195-rotated.jpeg?fit=890%2C668&amp;ssl=1\" loading=\"lazy\" src=\"https:\/\/i0.wp.com\/mendillorri-mendigoiti.educacion.navarra.es\/web\/wp-content\/uploads\/2020\/12\/IMG_0195-800x600.jpeg?resize=600%2C450\" alt=\"\" class=\"wp-image-4589\" width=\"600\" height=\"450\" srcset=\"https:\/\/i0.wp.com\/mendillorri-mendigoiti.educacion.navarra.es\/web\/wp-content\/uploads\/2020\/12\/IMG_0195-rotated.jpeg?resize=800%2C600&amp;ssl=1 800w, https:\/\/i0.wp.com\/mendillorri-mendigoiti.educacion.navarra.es\/web\/wp-content\/uploads\/2020\/12\/IMG_0195-rotated.jpeg?resize=1920%2C1440&amp;ssl=1 1920w, https:\/\/i0.wp.com\/mendillorri-mendigoiti.educacion.navarra.es\/web\/wp-content\/uploads\/2020\/12\/IMG_0195-rotated.jpeg?resize=768%2C576&amp;ssl=1 768w, https:\/\/i0.wp.com\/mendillorri-mendigoiti.educacion.navarra.es\/web\/wp-content\/uploads\/2020\/12\/IMG_0195-rotated.jpeg?resize=1536%2C1152&amp;ssl=1 1536w, https:\/\/i0.wp.com\/mendillorri-mendigoiti.educacion.navarra.es\/web\/wp-content\/uploads\/2020\/12\/IMG_0195-rotated.jpeg?resize=890%2C668&amp;ssl=1 890w, https:\/\/i0.wp.com\/mendillorri-mendigoiti.educacion.navarra.es\/web\/wp-content\/uploads\/2020\/12\/IMG_0195-rotated.jpeg?w=2016&amp;ssl=1 2016w, https:\/\/i0.wp.com\/mendillorri-mendigoiti.educacion.navarra.es\/web\/wp-content\/uploads\/2020\/12\/IMG_0195-rotated.jpeg?w=1780&amp;ssl=1 1780w\" sizes=\"(max-width: 600px) 100vw, 600px\" data-recalc-dims=\"1\" \/><\/a><\/figure><\/div>\n\n\n\n<p><\/p>\n\n\n\n<p><strong>Estas son nuestras se\u00f1as de identidad:<\/strong><\/p>\n\n\n\n<p>Somos una escuela amable, respetuosa con la infancia que&nbsp; tiene como&nbsp; objetivo &nbsp; ayudar a las ni\u00f1as y ni\u00f1os a&nbsp; desarrollarse como personas maduras , descubrir mundos y&nbsp; horizontes que desconocen y desarrollar talentos propios.<\/p>\n\n\n\n<p>&nbsp;&nbsp;&nbsp;Mendigoiti&nbsp; es una escuela comprometida con una <strong>educaci\u00f3n<\/strong><strong> <\/strong><strong>viva y activa<\/strong> , esto&nbsp; se traduce en unas estructuras pedag\u00f3gicas&nbsp; y organizativas&nbsp; que son el canal para abordar los contenidos curriculares y asegurar un adecuado desarrollo de las <strong>competencias b\u00e1sicas<\/strong>:&nbsp;<\/p>\n\n\n\n<p>materiales de desarrollo Montessori;&nbsp; dise\u00f1o de las aulas en ambientes de aprendizaje; aprendizaje basado en proyectos; talleres;&nbsp; tareas diversificadas obligatorias o multitareas; autorregulaci\u00f3n y autonom\u00eda en el trabajo; trabajo cooperativo; grupos flexibles de diferentes edades y dem\u00e1s recursos pedag\u00f3gicos de la educaci\u00f3n viva y activa.&nbsp;<\/p>\n\n\n\n<p><strong>&nbsp;&nbsp;&nbsp;Trabajamos bas\u00e1ndonos en las aportaciones de la neurociencia<\/strong>, respetando los ritmos y los canales naturales de aprendizaje, acompa\u00f1ando a la infancia con el <strong>programa de Disciplina Positiva<\/strong> equilibrando la pedagog\u00eda de las emociones, necesidades afectivas y sociales y los aprendizajes, promoviendo la conexi\u00f3n, contribuci\u00f3n, pertenencia, autorregulaci\u00f3n, autonom\u00eda y toma de decisiones para <strong>garantizar el \u00e9xito educativo y personal de todas las ni\u00f1as y ni\u00f1os<\/strong>.<\/p>\n","protected":false},"excerpt":{"rendered":"<p>Estas son nuestras se\u00f1as de identidad: Somos una escuela amable, respetuosa con la infancia que&nbsp; tiene como&nbsp; objetivo &nbsp; ayudar a las ni\u00f1as y ni\u00f1os a&nbsp; desarrollarse como personas maduras , descubrir mundos y&nbsp; horizontes que desconocen y desarrollar talentos propios. &nbsp;&nbsp;&nbsp;Mendigoiti&nbsp; es una escuela comprometida con una educaci\u00f3n viva y activa , esto&nbsp; se &hellip; <\/p>\n<p><a class=\"more-link btn\" href=\"https:\/\/mendillorri-mendigoiti.educacion.navarra.es\/web\/es\/proyecto-educativo\/\">Continue reading<\/a><\/p>\n","protected":false},"author":1,"featured_media":0,"parent":0,"menu_order":0,"comment_status":"open","ping_status":"open","template":"template-onecolumn.php","meta":{"jetpack_post_was_ever_published":false},"jetpack_sharing_enabled":true,"jetpack_shortlink":"https:\/\/wp.me\/P87afU-1C","jetpack-related-posts":[{"id":4378,"url":"https:\/\/mendillorri-mendigoiti.educacion.navarra.es\/web\/es\/aprendizaje-basado-en-proyectos\/","url_meta":{"origin":100,"position":0},"title":"APRENDIZAJE BASADO EN PROYECTOS Y EL APRENDIZAJE COOPERATIVO: PROGRAMA AC\/CA","date":"7 de junio de 2020","format":false,"excerpt":"El\u00a0Aprendizaje Basado en Proyectos\u00a0(ABP) es una metodolog\u00eda activa, una modalidad de ense\u00f1anza y aprendizaje centrada en el ni\u00f1o y la ni\u00f1a; un proceso compartido entre los participantes, siendo su objetivo principal la obtenci\u00f3n de un producto final. Este m\u00e9todo promueve el aprendizaje cooperativo, grupal e individual y aut\u00f3nomo dentro de\u2026","rel":"","context":"Entrada similar","img":{"alt_text":"","src":"https:\/\/i0.wp.com\/mendillorri-mendigoiti.educacion.navarra.es\/web\/wp-content\/uploads\/2020\/06\/ER020115-Aurkezpena-2.bloke-guraso-bilera-1.jpg?resize=350%2C200&ssl=1","width":350,"height":200},"classes":[]},{"id":5755,"url":"https:\/\/mendillorri-mendigoiti.educacion.navarra.es\/web\/es\/programas-socioemocionales\/","url_meta":{"origin":100,"position":1},"title":"Programas Socioemocionales","date":"1 de noviembre de 2022","format":false,"excerpt":"Los conocimientos aportados desde las ciencias del aprendizaje y la neuroeducaci\u00f3n, nos indican que el entrenamiento y desarrollo de las Funciones Ejecutivas (FE) y la autorregulaci\u00f3n emocional, son componentes clave tanto para el aprendizaje como para una vida en sociedad. Las investigaciones aportadas desde las neurociencias contemplativas por Richard J.\u2026","rel":"","context":"Entrada similar","img":{"alt_text":"","src":"https:\/\/i0.wp.com\/mendillorri-mendigoiti.educacion.navarra.es\/web\/wp-content\/uploads\/2022\/11\/Captura-de-pantalla-2022-11-01-a-las-16.15.50.png?resize=350%2C200&ssl=1","width":350,"height":200},"classes":[]},{"id":114,"url":"https:\/\/mendillorri-mendigoiti.educacion.navarra.es\/web\/es\/documentos\/","url_meta":{"origin":100,"position":2},"title":"Documentos y consejos","date":"13 de enero de 2014","format":false,"excerpt":"ADMINISTRACI\u00d3N: Orden de domiciliaci\u00f3n de adeudo directo (SEPA) Descargar Ficha alumno\/alumna Descargar Impreso oficial Preinscripci\u00f3n 2021-2022 REUNIONES GENERALES AUTORIZACIONES: AUTORIZACI\u00d3N PARA SALIR DE LA ESCUELA SIN PERSONAS ADULTAS \u00a0Descargar AUTORIZACI\u00d3N SALIDAS ESCOLARES\u00a0Descargar AUTORIZACI\u00d3N PARA EL USO DE FOTOGRAF\u00cdAS E IM\u00c1GENES\u00a0Descargar \u00a0AUTORIZACI\u00d3N PARA CREACI\u00d3N CUENTA PNTE APPS \u00a0Descargar JUSTIFICANTE DE FALTAS\u2026","rel":"","context":"Con 1 comentario","img":{"alt_text":"","src":"https:\/\/i0.wp.com\/mendillorri-mendigoiti.educacion.navarra.es\/web\/wp-content\/uploads\/2024\/01\/carpeta-Mendigoiti-566x800-1-400x400.png?resize=350%2C200&ssl=1","width":350,"height":200},"classes":[]},{"id":2534,"url":"https:\/\/mendillorri-mendigoiti.educacion.navarra.es\/web\/es\/consejo-escolar-elecciones-2017\/","url_meta":{"origin":100,"position":3},"title":"CONSEJO ESCOLAR:  ELECCIONES 2024","date":"2 de noviembre de 2017","format":false,"excerpt":"08 - MODELO PRESENTACI\u00d3N CANDIDATURAS\u00a0 2024 Durante las pr\u00f3ximas semanas pondremos en marcha el proceso de elecciones para renovar la 2\u00aa mitad del Consejo Escolar de Mendigoiti. A continuaci\u00f3n, presentamos el calendario del proceso: 10 de octubre, realizamos en Secretar\u00eda el sorteo para formar la Junta Electoral, que est\u00e1 integrada\u2026","rel":"","context":"Entrada similar","img":{"alt_text":"","src":"https:\/\/i0.wp.com\/mendillorri-mendigoiti.educacion.navarra.es\/web\/wp-content\/uploads\/2024\/10\/HAUTAGAITZA.png?resize=350%2C200&ssl=1","width":350,"height":200},"classes":[]},{"id":242,"url":"https:\/\/mendillorri-mendigoiti.educacion.navarra.es\/web\/es\/proyecto-tic\/","url_meta":{"origin":100,"position":4},"title":"Plan digital de centro","date":"28 de mayo de 2014","format":false,"excerpt":"\u00a0 Hoy nuestra sociedad est\u00e1 a\u00fan m\u00e1s digitalizada. Existen evidencias suficientes de la influencia negativa de la pantalla y su uso excesivo en el rendimiento escolar. Esto est\u00e1 generando una gran preocupaci\u00f3n en la comunidad educativa y un gran debate sobre el uso de las pantallas. \u00a0 Por tanto, los\u2026","rel":"","context":"Entrada similar","img":{"alt_text":"","src":"https:\/\/i0.wp.com\/mendillorri-mendigoiti.educacion.navarra.es\/web\/wp-content\/uploads\/2023\/09\/Captura-2.png?resize=350%2C200&ssl=1","width":350,"height":200},"classes":[]},{"id":695,"url":"https:\/\/mendillorri-mendigoiti.educacion.navarra.es\/web\/es\/proyecto-linguistico\/","url_meta":{"origin":100,"position":5},"title":"Proyecto ling\u00fc\u00edstico","date":"17 de noviembre de 2015","format":false,"excerpt":"Proyecto ling\u00fc\u00edstico: Formar personas pluriling\u00fces. En Mendigoiti el euskara es el eje del Proyecto Educativo y Ling\u00fc\u00edstico. Queremos formar personas pluriling\u00fces , personas que conocen y utilizan de manera funcional las lenguas. Queremos formar a nuestro alumnado para la sociedad global y pluriling\u00fce en la que vive. El Proyecto Ling\u00fc\u00edstico\u2026","rel":"","context":"Con 2 comentarios","img":{"alt_text":"","src":"https:\/\/i0.wp.com\/mendillorri-mendigoiti.educacion.navarra.es\/web\/wp-content\/uploads\/2020\/12\/IMG_0366-scaled-e1607756553560-400x400.jpeg?resize=350%2C200","width":350,"height":200},"classes":[]}],"_links":{"self":[{"href":"https:\/\/mendillorri-mendigoiti.educacion.navarra.es\/web\/es\/wp-json\/wp\/v2\/pages\/100"}],"collection":[{"href":"https:\/\/mendillorri-mendigoiti.educacion.navarra.es\/web\/es\/wp-json\/wp\/v2\/pages"}],"about":[{"href":"https:\/\/mendillorri-mendigoiti.educacion.navarra.es\/web\/es\/wp-json\/wp\/v2\/types\/page"}],"author":[{"embeddable":true,"href":"https:\/\/mendillorri-mendigoiti.educacion.navarra.es\/web\/es\/wp-json\/wp\/v2\/users\/1"}],"replies":[{"embeddable":true,"href":"https:\/\/mendillorri-mendigoiti.educacion.navarra.es\/web\/es\/wp-json\/wp\/v2\/comments?post=100"}],"version-history":[{"count":16,"href":"https:\/\/mendillorri-mendigoiti.educacion.navarra.es\/web\/es\/wp-json\/wp\/v2\/pages\/100\/revisions"}],"predecessor-version":[{"id":4592,"href":"https:\/\/mendillorri-mendigoiti.educacion.navarra.es\/web\/es\/wp-json\/wp\/v2\/pages\/100\/revisions\/4592"}],"wp:attachment":[{"href":"https:\/\/mendillorri-mendigoiti.educacion.navarra.es\/web\/es\/wp-json\/wp\/v2\/media?parent=100"}],"curies":[{"name":"wp","href":"https:\/\/api.w.org\/{rel}","templated":true}]}}